{"id":21,"date":"2016-09-13T13:16:53","date_gmt":"2016-09-13T13:16:53","guid":{"rendered":"http:\/\/localhost\/themes\/Pro\/Joline\/Website_WP\/index.php\/spots\/"},"modified":"2025-03-24T15:58:03","modified_gmt":"2025-03-24T15:58:03","slug":"situation-gite-rural","status":"publish","type":"page","link":"http:\/\/gite-saintes.fr\/site\/situation-gite-rural\/","title":{"rendered":"Situation"},"content":{"rendered":"<div>\n<h3>G\u00eete familiale<\/h3>\n<div>\n<p>M. et Mme Hottot<br \/>18 rue des Maronniers<br \/>17810 Nieul-l\u00e8s-Saintes<\/p>\n<p>06.08.09.46.00<\/p>\n<p>05.46.92.91.61<\/p>\n<\/div>\n<p>45.7598,-0.7313<\/p>\n<\/div>\n<h1>Situation de notre g\u00eete rural<\/h1>\n<p><img decoding=\"async\" src=\"wp-content\/uploads\/situation-gite-nieul-les-saintes.jpg\" alt=\"\"><\/p>\n<h2>Au coeur du petit village de Nieul-l\u00e8s-Saintes<\/h2>\n<div>\n<p>Notre g\u00eete se trouve :<\/p>\n<ul class=\"check-list\">\n<li>\u00e0 10 km de Saintes<\/li>\n<li>\u00e0 30 km de Royan<\/li>\n<li>\u00e0 40 km de l&rsquo;\u00cele d&rsquo;Ol\u00e9ron<\/li>\n<li>\u00e0 80 km de La Rochelle<\/li>\n<\/ul>\n<p>\u00c0 proximit\u00e9 imm\u00e9diate du g\u00eete, vous trouverez les commodit\u00e9s suivantes :<\/p>\n<ul class=\"check-list\">\n<li>petite \u00e9picerie<\/li>\n<li>boulangerie<\/li>\n<li>salon de coiffure<\/li>\n<\/ul>\n<\/div>\n<div>\n<h3>Addresse<\/h3>\n<div>M. et Mme Hottot<br \/>\n18 rue des Maronniers<br \/>\n17810 Nieul-l\u00e8s-Saintes<\/div>\n<\/div>\n<p>\n    <a href=\"\/site\/reservation\">CLIQUEZ POUR R\u00c9SERVER<\/a>\n<\/p>\n<p><!-- {\"name\":\"Services\",\"type\":\"layout\",\"children\":[{\"name\":\"Carte interactive\",\"type\":\"section\",\"props\":{\"width\":\"\",\"padding\":\"none\",\"style\":\"default\",\"header_overlay\":\"\",\"animation\":\"\",\"text_color\":\"\",\"media\":\"images\\\/demo\\\/demo-image_01.jpg\",\"image_size\":\"cover\",\"padding_remove_top\":true,\"vertical_align\":\"middle\",\"title_position\":\"top-left\",\"title_rotation\":\"left\",\"title_breakpoint\":\"xl\",\"image_position\":\"center-center\",\"image_effect\":\"\",\"width_expand\":\"\",\"height\":\"\",\"header_transparent\":\"\"},\"children\":[{\"name\":\"\",\"type\":\"row\",\"props\":{\"fixed_width\":\"large\",\"breakpoint\":\"m\",\"layout\":\"1-1\"},\"children\":[{\"name\":\"\",\"type\":\"column\",\"props\":{\"image_position\":\"center-center\",\"media_overlay_gradient\":\"\"},\"children\":[{\"name\":\"Carte\",\"type\":\"map\",\"props\":{\"type\":\"satellite\",\"zoom\":\"16\",\"controls\":true,\"zooming\":true,\"dragging\":true,\"show_title\":true,\"styler_saturation\":\"-95\",\"styler_gamma\":\"\",\"styler_hue\":\"#e5e3df\",\"styler_lightness\":\"30\",\"height\":\"300\",\"position\":\"\",\"position_z_index\":\"\",\"margin\":\"\",\"maxwidth\":\"\",\"maxwidth_breakpoint\":\"\",\"block_align\":\"\",\"block_align_breakpoint\":\"\",\"block_align_fallback\":\"\",\"animation\":\"\",\"visibility\":\"\"},\"children\":[{\"type\":\"map_marker\",\"props\":{\"title\":\"G\\u00eete familiale\",\"content\":\"\n\n<p>M. et Mme Hottot<br \\\/>18 rue des Maronniers<br \\\/>17810 Nieul-l\\u00e8s-Saintes<\\\/p>\\n\n\n<p>06.08.09.46.00<\\\/p>\\n\n\n<p>05.46.92.91.61<\\\/p>\",\"show_popup\":false,\"location\":\"45.7598,-0.7313\"}}]}]}]}]},{\"type\":\"section\",\"props\":{\"style\":\"default\",\"width\":\"default\",\"vertical_align\":\"middle\",\"title_position\":\"top-left\",\"title_rotation\":\"left\",\"title_breakpoint\":\"xl\",\"image_position\":\"center-center\",\"text_color\":\"\",\"width_expand\":\"\",\"height\":\"\",\"padding\":\"\",\"header_transparent\":\"\",\"animation\":\"\"},\"children\":[{\"type\":\"row\",\"props\":{\"layout\":\"1-1\",\"breakpoint\":\"m\",\"fixed_width\":\"large\",\"column_gap\":\"\",\"row_gap\":\"\",\"width\":\"\",\"width_expand\":\"\",\"height\":\"\",\"margin\":\"\"},\"children\":[{\"type\":\"column\",\"props\":{\"image_position\":\"center-center\",\"media_overlay_gradient\":\"\",\"vertical_align\":\"\",\"style\":\"\",\"text_color\":\"\",\"padding\":\"\"},\"children\":[{\"name\":\"Titre\",\"type\":\"headline\",\"props\":{\"title_element\":\"h1\",\"content\":\"Situation de notre g\\u00eete rural\",\"text_align\":\"center\",\"text_align_breakpoint\":\"\",\"maxwidth\":\"xlarge\",\"title_style\":\"h2\",\"block_align\":\"center\",\"title_decoration\":\"\",\"title_font_family\":\"\",\"title_color\":\"\",\"position\":\"\",\"position_z_index\":\"\",\"margin\":\"\",\"maxwidth_breakpoint\":\"\",\"block_align_breakpoint\":\"\",\"block_align_fallback\":\"\",\"text_align_fallback\":\"\",\"animation\":\"\",\"visibility\":\"\"}}]}]}]},{\"name\":\"Contenu page\",\"type\":\"section\",\"props\":{\"style\":\"default\",\"width\":\"default\",\"image_size\":\"cover\",\"padding_remove_top\":true,\"padding\":\"large\",\"vertical_align\":\"middle\",\"title_position\":\"top-left\",\"title_rotation\":\"left\",\"title_breakpoint\":\"xl\",\"image_position\":\"center-center\",\"image_effect\":\"\",\"text_color\":\"\",\"width_expand\":\"\",\"height\":\"\",\"header_transparent\":\"\",\"animation\":\"\"},\"children\":[{\"name\":\"\",\"type\":\"row\",\"props\":{\"fixed_width\":\"large\",\"breakpoint\":\"m\",\"layout\":\",\",\"column_gap\":\"large\",\"row_gap\":\"large\"},\"children\":[{\"name\":\"\",\"type\":\"column\",\"props\":{\"image_position\":\"center-center\",\"media_overlay_gradient\":\"\"},\"children\":[{\"name\":\"Photo g\\u00eete\",\"type\":\"image\",\"props\":{\"margin\":\"default\",\"image\":\"wp-content\\\/uploads\\\/situation-gite-nieul-les-saintes.jpg\",\"image_alt\":\"\",\"image_width\":\"900\",\"image_svg_color\":\"emphasis\",\"link_target\":\"\",\"image_border\":\"\",\"image_box_shadow\":\"\",\"image_hover_box_shadow\":\"\",\"image_box_decoration\":\"\",\"position\":\"\",\"position_z_index\":\"\",\"maxwidth\":\"\",\"maxwidth_breakpoint\":\"\",\"block_align\":\"\",\"block_align_breakpoint\":\"\",\"block_align_fallback\":\"\",\"text_align\":\"\",\"text_align_breakpoint\":\"\",\"text_align_fallback\":\"\",\"animation\":\"\",\"visibility\":\"\"}}]},{\"name\":\"\",\"type\":\"column\",\"props\":{\"image_position\":\"center-center\",\"media_overlay_gradient\":\"\"},\"children\":[{\"name\":\"Titre\",\"type\":\"headline\",\"props\":{\"title_element\":\"h2\",\"content\":\"Au coeur du petit village de Nieul-l\\u00e8s-Saintes\",\"title_decoration\":\"line\",\"title_style\":\"h3\",\"title_font_family\":\"\",\"title_color\":\"\",\"position\":\"\",\"position_z_index\":\"\",\"margin\":\"\",\"maxwidth\":\"\",\"maxwidth_breakpoint\":\"\",\"block_align\":\"\",\"block_align_breakpoint\":\"\",\"block_align_fallback\":\"\",\"text_align\":\"\",\"text_align_breakpoint\":\"\",\"text_align_fallback\":\"\",\"animation\":\"\",\"visibility\":\"\"}},{\"name\":\"Texte\",\"type\":\"text\",\"props\":{\"column_breakpoint\":\"m\",\"margin\":\"default\",\"content\":\"\n\n<p>Notre g\\u00eete se trouve :<\\\/p>\\n\n\n<ul class=\\\"check-list\\\">\\n\n\n<li>\\u00e0 10 km de Saintes<\\\/li>\\n\n\n<li>\\u00e0 30 km de Royan<\\\/li>\\n\n\n<li>\\u00e0 40 km de l'\\u00cele d'Ol\\u00e9ron<\\\/li>\\n\n\n<li>\\u00e0 80 km de La Rochelle<\\\/li>\\n<\\\/ul>\\n\n\n<p>\\u00c0 proximit\\u00e9 imm\\u00e9diate du g\\u00eete, vous trouverez les commodit\\u00e9s suivantes :<\\\/p>\\n\n\n<ul class=\\\"check-list\\\">\\n\n\n<li>petite \\u00e9picerie<\\\/li>\\n\n\n<li>boulangerie<\\\/li>\\n\n\n<li>salon de coiffure<\\\/li>\\n<\\\/ul>\",\"text_style\":\"\",\"text_color\":\"\",\"text_size\":\"\",\"column\":\"\",\"position\":\"\",\"position_z_index\":\"\",\"maxwidth\":\"\",\"maxwidth_breakpoint\":\"\",\"block_align\":\"\",\"block_align_breakpoint\":\"\",\"block_align_fallback\":\"\",\"text_align\":\"\",\"text_align_breakpoint\":\"\",\"text_align_fallback\":\"\",\"animation\":\"\",\"visibility\":\"\"}},{\"name\":\"Adresse\",\"type\":\"description_list\",\"props\":{\"title_style\":\"\",\"margin\":\"medium\",\"margin_remove_bottom\":true,\"list_size\":false,\"show_title\":true,\"show_meta\":true,\"show_content\":true,\"show_link\":true,\"layout\":\"grid-2\",\"meta_style\":\"meta\",\"meta_align\":\"below-content\",\"title_color\":\"muted\",\"title_grid_column_gap\":\"small\",\"title_grid_row_gap\":\"small\",\"title_grid_width\":\"auto\",\"list_style\":\"\",\"title_font_family\":\"\",\"title_grid_breakpoint\":\"\",\"meta_color\":\"\",\"content_style\":\"\",\"link_style\":\"\",\"position\":\"\",\"position_z_index\":\"\",\"maxwidth\":\"\",\"maxwidth_breakpoint\":\"\",\"block_align\":\"\",\"block_align_breakpoint\":\"\",\"block_align_fallback\":\"\",\"text_align\":\"\",\"text_align_breakpoint\":\"\",\"text_align_fallback\":\"\",\"animation\":\"\",\"visibility\":\"\"},\"children\":[{\"name\":\"\",\"type\":\"description_list_item\",\"props\":{\"title\":\"Addresse\",\"content\":\"M. et Mme Hottot<br \/>\\n18 rue des Maronniers<br \/>\\n17810 Nieul-l\\u00e8s-Saintes\"}}]},{\"name\":\"Bouton r\\u00e9servation\",\"type\":\"button\",\"props\":{\"margin\":\"default\",\"grid_column_gap\":\"small\",\"grid_row_gap\":\"small\",\"button_size\":\"\",\"position\":\"\",\"position_z_index\":\"\",\"maxwidth\":\"\",\"maxwidth_breakpoint\":\"\",\"block_align\":\"\",\"block_align_breakpoint\":\"\",\"block_align_fallback\":\"\",\"text_align\":\"\",\"text_align_breakpoint\":\"\",\"text_align_fallback\":\"\",\"animation\":\"\",\"visibility\":\"\"},\"children\":[{\"name\":\"\",\"type\":\"button_item\",\"props\":{\"button_style\":\"text\",\"content\":\"CLIQUEZ POUR R\\u00c9SERVER\",\"link\":\"\\\/site\\\/reservation\",\"link_title\":\"R\\u00e9server\",\"icon_align\":\"left\",\"link_target\":\"\"}}]}]}]}]}],\"props\":[],\"version\":\"1.22.8\"} --><\/p>\n","protected":false},"excerpt":{"rendered":"<p>G\u00eete familiale M. et Mme Hottot18 rue des Maronniers17810 Nieul-l\u00e8s-Saintes 06.08.09.46.00 05.46.92.91.61 45.7598,-0.7313 Situation de notre g\u00eete rural Au coeur du petit village de Nieul-l\u00e8s-Saintes Notre g\u00eete se trouve : \u00e0 10 km de Saintes \u00e0 30 km de Royan \u00e0 40 km de l&rsquo;\u00cele d&rsquo;Ol\u00e9ron \u00e0 80 km de La Rochelle \u00c0 proximit\u00e9 imm\u00e9diate [&hellip;]<\/p>\n","protected":false},"author":1,"featured_media":0,"parent":0,"menu_order":6,"comment_status":"closed","ping_status":"closed","template":"","meta":{"spay_email":"","footnotes":""},"class_list":["post-21","page","type-page","status-publish","hentry"],"yoast_head":"<!-- This site is optimized with the Yoast SEO plugin v24.7 - https:\/\/yoast.com\/wordpress\/plugins\/seo\/ -->\n<title>Situation -<\/title>\n<meta name=\"description\" content=\"D\u00e9couvrez sur une carte interactive o\u00f9 se situe notre g\u00eete en Charente-Maritime. Il se situe dans une tr\u00e8s belle campagne pr\u00e8s de Saintes.\" \/>\n<meta name=\"robots\" content=\"index, follow, max-snippet:-1, max-image-preview:large, max-video-preview:-1\" \/>\n<link rel=\"canonical\" href=\"http:\/\/gite-saintes.fr\/site\/situation-gite-rural\/\" \/>\n<meta property=\"og:locale\" content=\"fr_FR\" \/>\n<meta property=\"og:type\" content=\"article\" \/>\n<meta property=\"og:title\" content=\"Situation -\" \/>\n<meta property=\"og:description\" content=\"D\u00e9couvrez sur une carte interactive o\u00f9 se situe notre g\u00eete en Charente-Maritime. Il se situe dans une tr\u00e8s belle campagne pr\u00e8s de Saintes.\" \/>\n<meta property=\"og:url\" content=\"http:\/\/gite-saintes.fr\/site\/situation-gite-rural\/\" \/>\n<meta property=\"article:modified_time\" content=\"2025-03-24T15:58:03+00:00\" \/>\n<meta name=\"twitter:card\" content=\"summary_large_image\" \/>\n<meta name=\"twitter:label1\" content=\"Dur\u00e9e de lecture estim\u00e9e\" \/>\n\t<meta name=\"twitter:data1\" content=\"1 minute\" \/>\n<script type=\"application\/ld+json\" class=\"yoast-schema-graph\">{\"@context\":\"https:\/\/schema.org\",\"@graph\":[{\"@type\":\"WebPage\",\"@id\":\"http:\/\/gite-saintes.fr\/site\/situation-gite-rural\/\",\"url\":\"http:\/\/gite-saintes.fr\/site\/situation-gite-rural\/\",\"name\":\"Situation -\",\"isPartOf\":{\"@id\":\"http:\/\/gite-saintes.fr\/site\/#website\"},\"datePublished\":\"2016-09-13T13:16:53+00:00\",\"dateModified\":\"2025-03-24T15:58:03+00:00\",\"description\":\"D\u00e9couvrez sur une carte interactive o\u00f9 se situe notre g\u00eete en Charente-Maritime. Il se situe dans une tr\u00e8s belle campagne pr\u00e8s de Saintes.\",\"breadcrumb\":{\"@id\":\"http:\/\/gite-saintes.fr\/site\/situation-gite-rural\/#breadcrumb\"},\"inLanguage\":\"fr-FR\",\"potentialAction\":[{\"@type\":\"ReadAction\",\"target\":[\"http:\/\/gite-saintes.fr\/site\/situation-gite-rural\/\"]}]},{\"@type\":\"BreadcrumbList\",\"@id\":\"http:\/\/gite-saintes.fr\/site\/situation-gite-rural\/#breadcrumb\",\"itemListElement\":[{\"@type\":\"ListItem\",\"position\":1,\"name\":\"Accueil\",\"item\":\"http:\/\/gite-saintes.fr\/site\/\"},{\"@type\":\"ListItem\",\"position\":2,\"name\":\"Situation\"}]},{\"@type\":\"WebSite\",\"@id\":\"http:\/\/gite-saintes.fr\/site\/#website\",\"url\":\"http:\/\/gite-saintes.fr\/site\/\",\"name\":\"G\u00eete Nieul-l\u00e8s-Saintes\",\"description\":\"Le gite rural d\u00e9cor\u00e9 avec go\u00fbt\",\"potentialAction\":[{\"@type\":\"SearchAction\",\"target\":{\"@type\":\"EntryPoint\",\"urlTemplate\":\"http:\/\/gite-saintes.fr\/site\/?s={search_term_string}\"},\"query-input\":{\"@type\":\"PropertyValueSpecification\",\"valueRequired\":true,\"valueName\":\"search_term_string\"}}],\"inLanguage\":\"fr-FR\"}]}<\/script>\n<!-- \/ Yoast SEO plugin. -->","yoast_head_json":{"title":"Situation -","description":"D\u00e9couvrez sur une carte interactive o\u00f9 se situe notre g\u00eete en Charente-Maritime. Il se situe dans une tr\u00e8s belle campagne pr\u00e8s de Saintes.","robots":{"index":"index","follow":"follow","max-snippet":"max-snippet:-1","max-image-preview":"max-image-preview:large","max-video-preview":"max-video-preview:-1"},"canonical":"http:\/\/gite-saintes.fr\/site\/situation-gite-rural\/","og_locale":"fr_FR","og_type":"article","og_title":"Situation -","og_description":"D\u00e9couvrez sur une carte interactive o\u00f9 se situe notre g\u00eete en Charente-Maritime. Il se situe dans une tr\u00e8s belle campagne pr\u00e8s de Saintes.","og_url":"http:\/\/gite-saintes.fr\/site\/situation-gite-rural\/","article_modified_time":"2025-03-24T15:58:03+00:00","twitter_card":"summary_large_image","twitter_misc":{"Dur\u00e9e de lecture estim\u00e9e":"1 minute"},"schema":{"@context":"https:\/\/schema.org","@graph":[{"@type":"WebPage","@id":"http:\/\/gite-saintes.fr\/site\/situation-gite-rural\/","url":"http:\/\/gite-saintes.fr\/site\/situation-gite-rural\/","name":"Situation -","isPartOf":{"@id":"http:\/\/gite-saintes.fr\/site\/#website"},"datePublished":"2016-09-13T13:16:53+00:00","dateModified":"2025-03-24T15:58:03+00:00","description":"D\u00e9couvrez sur une carte interactive o\u00f9 se situe notre g\u00eete en Charente-Maritime. Il se situe dans une tr\u00e8s belle campagne pr\u00e8s de Saintes.","breadcrumb":{"@id":"http:\/\/gite-saintes.fr\/site\/situation-gite-rural\/#breadcrumb"},"inLanguage":"fr-FR","potentialAction":[{"@type":"ReadAction","target":["http:\/\/gite-saintes.fr\/site\/situation-gite-rural\/"]}]},{"@type":"BreadcrumbList","@id":"http:\/\/gite-saintes.fr\/site\/situation-gite-rural\/#breadcrumb","itemListElement":[{"@type":"ListItem","position":1,"name":"Accueil","item":"http:\/\/gite-saintes.fr\/site\/"},{"@type":"ListItem","position":2,"name":"Situation"}]},{"@type":"WebSite","@id":"http:\/\/gite-saintes.fr\/site\/#website","url":"http:\/\/gite-saintes.fr\/site\/","name":"G\u00eete Nieul-l\u00e8s-Saintes","description":"Le gite rural d\u00e9cor\u00e9 avec go\u00fbt","potentialAction":[{"@type":"SearchAction","target":{"@type":"EntryPoint","urlTemplate":"http:\/\/gite-saintes.fr\/site\/?s={search_term_string}"},"query-input":{"@type":"PropertyValueSpecification","valueRequired":true,"valueName":"search_term_string"}}],"inLanguage":"fr-FR"}]}},"_links":{"self":[{"href":"http:\/\/gite-saintes.fr\/site\/wp-json\/wp\/v2\/pages\/21","targetHints":{"allow":["GET"]}}],"collection":[{"href":"http:\/\/gite-saintes.fr\/site\/wp-json\/wp\/v2\/pages"}],"about":[{"href":"http:\/\/gite-saintes.fr\/site\/wp-json\/wp\/v2\/types\/page"}],"author":[{"embeddable":true,"href":"http:\/\/gite-saintes.fr\/site\/wp-json\/wp\/v2\/users\/1"}],"replies":[{"embeddable":true,"href":"http:\/\/gite-saintes.fr\/site\/wp-json\/wp\/v2\/comments?post=21"}],"version-history":[{"count":31,"href":"http:\/\/gite-saintes.fr\/site\/wp-json\/wp\/v2\/pages\/21\/revisions"}],"predecessor-version":[{"id":796,"href":"http:\/\/gite-saintes.fr\/site\/wp-json\/wp\/v2\/pages\/21\/revisions\/796"}],"wp:attachment":[{"href":"http:\/\/gite-saintes.fr\/site\/wp-json\/wp\/v2\/media?parent=21"}],"curies":[{"name":"wp","href":"https:\/\/api.w.org\/{rel}","templated":true}]}}