{"id":23,"date":"2016-09-13T13:17:17","date_gmt":"2016-09-13T13:17:17","guid":{"rendered":"http:\/\/localhost\/themes\/Pro\/Joline\/Website_WP\/index.php\/styles\/"},"modified":"2025-03-25T12:19:45","modified_gmt":"2025-03-25T12:19:45","slug":"les-visites","status":"publish","type":"page","link":"http:\/\/gite-saintes.fr\/site\/les-visites\/","title":{"rendered":"A visiter"},"content":{"rendered":"<hr>\n<h1>Quelques sites \u00e0 visiter<\/h1>\n<div>\n<p>La Charente-Maritime est riche de beaux paysages sauvages et de patrimoines historiques. Vous serez aussi d\u00e9pays\u00e9 par toutes sa richesse culturelle et gastronomique.<\/p>\n<\/div>\n<ul>\n<li>\n<p>        <img decoding=\"async\" src=\"wp-content\/uploads\/chateau-nieul-les-saintes.jpg\" alt=\"\"><\/p>\n<h2>Le ch\u00e2teau de Nieul l\u00e8s Saintes<\/h2>\n<div>\n<p>Construit au XIV<sup>\u00e8me<\/sup> si\u00e8cle, le ch\u00e2teau de Nieul-l\u00e8s-Saintes est \u00e0 visiter.<br \/>Ouvert du 15 juillet au 22 ao\u00fbt sur rendez-vous.<br \/>Visites guid\u00e9es les mercredi et samedi.<br \/>T\u00e9l. 05 46 93 71 48<\/p>\n<\/div>\n<p><a href=\"index.php?page_id=22\">Read more<\/a><\/p>\n<\/li>\n<li>\n<p>        <img decoding=\"async\" src=\"wp-content\/uploads\/arenes-saintes.jpg\" alt=\"\"><\/p>\n<h2>Les ar\u00e8nes de Saintes<\/h2>\n<div>Le vestige antique le plus important de la cit\u00e9. Sa construction commence sous le r\u00e8gne de Tib\u00e8re et s&rsquo;ach\u00e8ve sous le r\u00e8gne de Claude vers 40 apr\u00e8s J\u00e9sus-Christ. Appuy\u00e9 sur les flancs d\u00b4un vallon naturel, cet amphith\u00e9\u00e2tre se r\u00e9v\u00e8le, en toute modestie, l&rsquo;un des plus anciens de Gaule et l&rsquo;un des mieux conserv\u00e9s.<\/div>\n<p><a href=\"index.php?page_id=22\">Read more<\/a><\/p>\n<\/li>\n<li>\n<p>        <img decoding=\"async\" src=\"wp-content\/uploads\/musee-marine-rochefort.jpg\" alt=\"\"><\/p>\n<h2>Le mus\u00e9e de la marine \u00e0 Rochefort<\/h2>\n<div>Les passionn\u00e9s de la marine vont appr\u00e9cier ce mus\u00e9e, livre ouvert sur l\u00b4histoire de la marine, avec ses maquettes uniques.<\/div>\n<p><a href=\"index.php?page_id=22\">Read more<\/a><\/p>\n<\/li>\n<li>\n<p>        <img decoding=\"async\" src=\"wp-content\/uploads\/visites-charente-martime.jpg\" alt=\"\"><\/p>\n<h2>Et pour plus de visites, vous pouvez consulter ces sites :<\/h2>\n<div>\n<ul>\n<li>Le site <a href=\"https:\/\/la.charente-maritime.fr\/incontournable\" target=\"_blank\" style=\"text-decoration:underline;\">touristique de la Charente-Maritime<\/a><\/li>\n<li>Le <a href=\"https:\/\/paleosite.fr\/\" target=\"_blank\" style=\"text-decoration:underline;\">Pal\u00e9osite de Saint-C\u00e9saire<\/a> : mus\u00e9e interactif de la Pr\u00e9histoire.<\/li>\n<\/ul>\n<\/div>\n<p><a href=\"index.php?page_id=22\">Read more<\/a><\/p>\n<\/li>\n<\/ul>\n<p><!-- {\"name\":\"FAQ\",\"type\":\"layout\",\"children\":[{\"type\":\"section\",\"props\":{\"style\":\"default\",\"width\":\"default\",\"vertical_align\":\"middle\",\"title_position\":\"top-left\",\"title_rotation\":\"left\",\"title_breakpoint\":\"xl\",\"image_position\":\"center-center\",\"text_color\":\"\",\"width_expand\":\"\",\"height\":\"\",\"padding\":\"\",\"header_transparent\":\"\",\"animation\":\"\",\"padding_remove_top\":true},\"children\":[{\"type\":\"row\",\"props\":{\"layout\":\"1-1\",\"breakpoint\":\"m\",\"fixed_width\":\"large\",\"column_gap\":\"\",\"row_gap\":\"\",\"width\":\"\",\"width_expand\":\"\",\"height\":\"\",\"margin\":\"\"},\"children\":[{\"type\":\"column\",\"props\":{\"image_position\":\"center-center\",\"media_overlay_gradient\":\"\",\"vertical_align\":\"\",\"style\":\"\",\"text_color\":\"\",\"padding\":\"\"},\"children\":[{\"type\":\"divider\",\"props\":{\"divider_element\":\"hr\",\"divider_style\":\"\",\"divider_align\":\"\",\"divider_align_breakpoint\":\"\",\"divider_align_fallback\":\"\",\"position\":\"\",\"position_z_index\":\"\",\"margin\":\"\",\"maxwidth\":\"\",\"maxwidth_breakpoint\":\"\",\"block_align\":\"\",\"block_align_breakpoint\":\"\",\"block_align_fallback\":\"\",\"animation\":\"\",\"visibility\":\"\"},\"name\":\"Trait\"},{\"name\":\"Titre\",\"type\":\"headline\",\"props\":{\"title_element\":\"h1\",\"content\":\"Quelques sites \\u00e0 visiter\",\"title_style\":\"\",\"title_decoration\":\"\",\"title_font_family\":\"\",\"title_color\":\"\",\"position\":\"\",\"position_z_index\":\"\",\"margin\":\"\",\"maxwidth\":\"\",\"maxwidth_breakpoint\":\"\",\"block_align\":\"\",\"block_align_breakpoint\":\"\",\"block_align_fallback\":\"\",\"text_align\":\"center\",\"text_align_breakpoint\":\"\",\"text_align_fallback\":\"\",\"animation\":\"\",\"visibility\":\"\"}},{\"name\":\"Texte introduction\",\"type\":\"text\",\"props\":{\"column_breakpoint\":\"m\",\"margin\":\"default\",\"content\":\"\n\n<p>La Charente-Maritime est riche de beaux paysages sauvages et de patrimoines historiques. Vous serez aussi d\\u00e9pays\\u00e9 par toutes sa richesse culturelle et gastronomique.<\\\/p>\",\"text_size\":\"large\",\"text_style\":\"\",\"text_color\":\"\",\"column\":\"\",\"position\":\"\",\"position_z_index\":\"\",\"maxwidth\":\"\",\"maxwidth_breakpoint\":\"\",\"block_align\":\"\",\"block_align_breakpoint\":\"\",\"block_align_fallback\":\"\",\"text_align\":\"center\",\"text_align_breakpoint\":\"\",\"text_align_fallback\":\"\",\"animation\":\"\",\"visibility\":\"\"}},{\"name\":\"Lieux \\u00e0 visiter\",\"type\":\"grid\",\"props\":{\"show_title\":true,\"show_meta\":true,\"show_content\":true,\"show_image\":true,\"show_link\":true,\"grid_default\":\"1\",\"grid_medium\":\"2\",\"title_element\":\"h2\",\"meta_style\":\"\",\"meta_align\":\"below-title\",\"icon_ratio\":4,\"image_align\":\"top\",\"image_grid_width\":\"1-2\",\"link_text\":\"Read more\",\"link_style\":\"default\",\"margin\":\"default\",\"grid_small\":\"2\",\"title_style\":\"h4\",\"meta_margin\":\"remove\",\"image_width\":\"609\",\"link_type\":\"content\",\"grid_column_gap\":\"medium\",\"grid_row_gap\":\"medium\",\"image_grid_breakpoint\":\"m\",\"filter_style\":\"tab\",\"filter_all\":true,\"filter_position\":\"top\",\"filter_align\":\"left\",\"filter_grid_width\":\"auto\",\"filter_grid_breakpoint\":\"m\",\"title_hover_style\":\"reset\",\"title_align\":\"top\",\"title_grid_width\":\"1-2\",\"title_grid_breakpoint\":\"m\",\"image_svg_color\":\"emphasis\",\"item_animation\":\"\",\"grid_large\":\"\",\"grid_xlarge\":\"\",\"filter_margin\":\"\",\"filter_grid_column_gap\":\"\",\"filter_grid_row_gap\":\"\",\"title_display\":\"\",\"content_display\":\"\",\"panel_style\":\"\",\"panel_content_padding\":\"\",\"panel_size\":\"\",\"item_maxwidth\":\"\",\"title_decoration\":\"\",\"title_font_family\":\"\",\"title_color\":\"\",\"title_grid_column_gap\":\"\",\"title_grid_row_gap\":\"\",\"title_margin\":\"\",\"meta_color\":\"\",\"content_style\":\"\",\"content_margin\":\"\",\"image_transition\":\"\",\"image_border\":\"\",\"image_box_shadow\":\"\",\"image_hover_box_shadow\":\"\",\"image_box_decoration\":\"\",\"icon_color\":\"\",\"image_grid_column_gap\":\"\",\"image_grid_row_gap\":\"\",\"image_margin\":\"\",\"link_size\":\"\",\"link_margin\":\"\",\"position\":\"\",\"position_z_index\":\"\",\"maxwidth\":\"\",\"maxwidth_breakpoint\":\"\",\"block_align\":\"\",\"block_align_breakpoint\":\"\",\"block_align_fallback\":\"\",\"text_align\":\"\",\"text_align_breakpoint\":\"\",\"text_align_fallback\":\"\",\"visibility\":\"\"},\"children\":[{\"name\":\"\",\"type\":\"grid_item\",\"props\":{\"image\":\"wp-content\\\/uploads\\\/chateau-nieul-les-saintes.jpg\",\"title\":\"Le ch\\u00e2teau de Nieul l\\u00e8s Saintes\",\"meta\":\"\",\"link\":\"index.php?page_id=22\",\"content\":\"\n\n<p>Construit au XIV<sup>\\u00e8me<\\\/sup> si\\u00e8cle, le ch\\u00e2teau de Nieul-l\\u00e8s-Saintes est \\u00e0 visiter.<br \\\/>Ouvert du 15 juillet au 22 ao\\u00fbt sur rendez-vous.<br \\\/>Visites guid\\u00e9es les mercredi et samedi.<br \\\/>T\\u00e9l. 05 46 93 71 48<\\\/p>\"}},{\"name\":\"\",\"type\":\"grid_item\",\"props\":{\"image\":\"wp-content\\\/uploads\\\/arenes-saintes.jpg\",\"title\":\"Les ar\\u00e8nes de Saintes\",\"meta\":\"\",\"link\":\"index.php?page_id=22\",\"content\":\"Le vestige antique le plus important de la cit\\u00e9. Sa construction commence sous le r\\u00e8gne de Tib\\u00e8re et s'ach\\u00e8ve sous le r\\u00e8gne de Claude vers 40 apr\\u00e8s J\\u00e9sus-Christ. Appuy\\u00e9 sur les flancs d\\u00b4un vallon naturel, cet amphith\\u00e9\\u00e2tre se r\\u00e9v\\u00e8le, en toute modestie, l'un des plus anciens de Gaule et l'un des mieux conserv\\u00e9s.\"}},{\"name\":\"\",\"type\":\"grid_item\",\"props\":{\"image\":\"wp-content\\\/uploads\\\/musee-marine-rochefort.jpg\",\"title\":\"Le mus\\u00e9e de la marine \\u00e0 Rochefort\",\"meta\":\"\",\"link\":\"index.php?page_id=22\",\"content\":\"Les passionn\\u00e9s de la marine vont appr\\u00e9cier ce mus\\u00e9e, livre ouvert sur l\\u00b4histoire de la marine, avec ses maquettes uniques.\"}},{\"name\":\"\",\"type\":\"grid_item\",\"props\":{\"image\":\"wp-content\\\/uploads\\\/visites-charente-martime.jpg\",\"title\":\"Et pour plus de visites, vous pouvez consulter ces sites :\",\"meta\":\"\",\"link\":\"index.php?page_id=22\",\"content\":\"\n\n<ul>\\n\n\n<li>Le site <a href=\\\"https:\\\/\\\/la.charente-maritime.fr\\\/incontournable\\\" target=\\\"_blank\\\" style=\\\"text-decoration:underline;\\\">touristique de la Charente-Maritime<\\\/a><\\\/li>\\n\n\n<li>Le <a href=\\\"https:\\\/\\\/paleosite.fr\\\/\\\" target=\\\"_blank\\\" style=\\\"text-decoration:underline;\\\">Pal\\u00e9osite de Saint-C\\u00e9saire<\\\/a> : mus\\u00e9e interactif de la Pr\\u00e9histoire.<\\\/li>\\n<\\\/ul>\"}}]}]}]}]}],\"props\":[],\"version\":\"1.22.8\"} --><\/p>\n","protected":false},"excerpt":{"rendered":"<p>Quelques sites \u00e0 visiter La Charente-Maritime est riche de beaux paysages sauvages et de patrimoines historiques. Vous serez aussi d\u00e9pays\u00e9 par toutes sa richesse culturelle et gastronomique. Le ch\u00e2teau de Nieul l\u00e8s Saintes Construit au XIV\u00e8me si\u00e8cle, le ch\u00e2teau de Nieul-l\u00e8s-Saintes est \u00e0 visiter.Ouvert du 15 juillet au 22 ao\u00fbt sur rendez-vous.Visites guid\u00e9es les mercredi [&hellip;]<\/p>\n","protected":false},"author":1,"featured_media":0,"parent":0,"menu_order":8,"comment_status":"closed","ping_status":"closed","template":"","meta":{"spay_email":"","footnotes":""},"class_list":["post-23","page","type-page","status-publish","hentry"],"yoast_head":"<!-- This site is optimized with the Yoast SEO plugin v24.7 - https:\/\/yoast.com\/wordpress\/plugins\/seo\/ -->\n<title>A visiter -<\/title>\n<meta name=\"description\" content=\"D\u00e9couvrez tous les lieux touristiques proche de notre g\u00eete (les ar\u00e8nes de Saintes, le mus\u00e9e de la marine \u00e0 Rochefort, le Pal\u00e9osite...)\" \/>\n<meta name=\"robots\" content=\"index, follow, max-snippet:-1, max-image-preview:large, max-video-preview:-1\" \/>\n<link rel=\"canonical\" href=\"http:\/\/gite-saintes.fr\/site\/les-visites\/\" \/>\n<meta property=\"og:locale\" content=\"fr_FR\" \/>\n<meta property=\"og:type\" content=\"article\" \/>\n<meta property=\"og:title\" content=\"A visiter -\" \/>\n<meta property=\"og:description\" content=\"D\u00e9couvrez tous les lieux touristiques proche de notre g\u00eete (les ar\u00e8nes de Saintes, le mus\u00e9e de la marine \u00e0 Rochefort, le Pal\u00e9osite...)\" \/>\n<meta property=\"og:url\" content=\"http:\/\/gite-saintes.fr\/site\/les-visites\/\" \/>\n<meta property=\"article:modified_time\" content=\"2025-03-25T12:19:45+00:00\" \/>\n<meta name=\"twitter:card\" content=\"summary_large_image\" \/>\n<meta name=\"twitter:label1\" content=\"Dur\u00e9e de lecture estim\u00e9e\" \/>\n\t<meta name=\"twitter:data1\" content=\"2 minutes\" \/>\n<script type=\"application\/ld+json\" class=\"yoast-schema-graph\">{\"@context\":\"https:\/\/schema.org\",\"@graph\":[{\"@type\":\"WebPage\",\"@id\":\"http:\/\/gite-saintes.fr\/site\/les-visites\/\",\"url\":\"http:\/\/gite-saintes.fr\/site\/les-visites\/\",\"name\":\"A visiter -\",\"isPartOf\":{\"@id\":\"http:\/\/gite-saintes.fr\/site\/#website\"},\"datePublished\":\"2016-09-13T13:17:17+00:00\",\"dateModified\":\"2025-03-25T12:19:45+00:00\",\"description\":\"D\u00e9couvrez tous les lieux touristiques proche de notre g\u00eete (les ar\u00e8nes de Saintes, le mus\u00e9e de la marine \u00e0 Rochefort, le Pal\u00e9osite...)\",\"breadcrumb\":{\"@id\":\"http:\/\/gite-saintes.fr\/site\/les-visites\/#breadcrumb\"},\"inLanguage\":\"fr-FR\",\"potentialAction\":[{\"@type\":\"ReadAction\",\"target\":[\"http:\/\/gite-saintes.fr\/site\/les-visites\/\"]}]},{\"@type\":\"BreadcrumbList\",\"@id\":\"http:\/\/gite-saintes.fr\/site\/les-visites\/#breadcrumb\",\"itemListElement\":[{\"@type\":\"ListItem\",\"position\":1,\"name\":\"Accueil\",\"item\":\"http:\/\/gite-saintes.fr\/site\/\"},{\"@type\":\"ListItem\",\"position\":2,\"name\":\"A visiter\"}]},{\"@type\":\"WebSite\",\"@id\":\"http:\/\/gite-saintes.fr\/site\/#website\",\"url\":\"http:\/\/gite-saintes.fr\/site\/\",\"name\":\"G\u00eete Nieul-l\u00e8s-Saintes\",\"description\":\"Le gite rural d\u00e9cor\u00e9 avec go\u00fbt\",\"potentialAction\":[{\"@type\":\"SearchAction\",\"target\":{\"@type\":\"EntryPoint\",\"urlTemplate\":\"http:\/\/gite-saintes.fr\/site\/?s={search_term_string}\"},\"query-input\":{\"@type\":\"PropertyValueSpecification\",\"valueRequired\":true,\"valueName\":\"search_term_string\"}}],\"inLanguage\":\"fr-FR\"}]}<\/script>\n<!-- \/ Yoast SEO plugin. -->","yoast_head_json":{"title":"A visiter -","description":"D\u00e9couvrez tous les lieux touristiques proche de notre g\u00eete (les ar\u00e8nes de Saintes, le mus\u00e9e de la marine \u00e0 Rochefort, le Pal\u00e9osite...)","robots":{"index":"index","follow":"follow","max-snippet":"max-snippet:-1","max-image-preview":"max-image-preview:large","max-video-preview":"max-video-preview:-1"},"canonical":"http:\/\/gite-saintes.fr\/site\/les-visites\/","og_locale":"fr_FR","og_type":"article","og_title":"A visiter -","og_description":"D\u00e9couvrez tous les lieux touristiques proche de notre g\u00eete (les ar\u00e8nes de Saintes, le mus\u00e9e de la marine \u00e0 Rochefort, le Pal\u00e9osite...)","og_url":"http:\/\/gite-saintes.fr\/site\/les-visites\/","article_modified_time":"2025-03-25T12:19:45+00:00","twitter_card":"summary_large_image","twitter_misc":{"Dur\u00e9e de lecture estim\u00e9e":"2 minutes"},"schema":{"@context":"https:\/\/schema.org","@graph":[{"@type":"WebPage","@id":"http:\/\/gite-saintes.fr\/site\/les-visites\/","url":"http:\/\/gite-saintes.fr\/site\/les-visites\/","name":"A visiter -","isPartOf":{"@id":"http:\/\/gite-saintes.fr\/site\/#website"},"datePublished":"2016-09-13T13:17:17+00:00","dateModified":"2025-03-25T12:19:45+00:00","description":"D\u00e9couvrez tous les lieux touristiques proche de notre g\u00eete (les ar\u00e8nes de Saintes, le mus\u00e9e de la marine \u00e0 Rochefort, le Pal\u00e9osite...)","breadcrumb":{"@id":"http:\/\/gite-saintes.fr\/site\/les-visites\/#breadcrumb"},"inLanguage":"fr-FR","potentialAction":[{"@type":"ReadAction","target":["http:\/\/gite-saintes.fr\/site\/les-visites\/"]}]},{"@type":"BreadcrumbList","@id":"http:\/\/gite-saintes.fr\/site\/les-visites\/#breadcrumb","itemListElement":[{"@type":"ListItem","position":1,"name":"Accueil","item":"http:\/\/gite-saintes.fr\/site\/"},{"@type":"ListItem","position":2,"name":"A visiter"}]},{"@type":"WebSite","@id":"http:\/\/gite-saintes.fr\/site\/#website","url":"http:\/\/gite-saintes.fr\/site\/","name":"G\u00eete Nieul-l\u00e8s-Saintes","description":"Le gite rural d\u00e9cor\u00e9 avec go\u00fbt","potentialAction":[{"@type":"SearchAction","target":{"@type":"EntryPoint","urlTemplate":"http:\/\/gite-saintes.fr\/site\/?s={search_term_string}"},"query-input":{"@type":"PropertyValueSpecification","valueRequired":true,"valueName":"search_term_string"}}],"inLanguage":"fr-FR"}]}},"_links":{"self":[{"href":"http:\/\/gite-saintes.fr\/site\/wp-json\/wp\/v2\/pages\/23","targetHints":{"allow":["GET"]}}],"collection":[{"href":"http:\/\/gite-saintes.fr\/site\/wp-json\/wp\/v2\/pages"}],"about":[{"href":"http:\/\/gite-saintes.fr\/site\/wp-json\/wp\/v2\/types\/page"}],"author":[{"embeddable":true,"href":"http:\/\/gite-saintes.fr\/site\/wp-json\/wp\/v2\/users\/1"}],"replies":[{"embeddable":true,"href":"http:\/\/gite-saintes.fr\/site\/wp-json\/wp\/v2\/comments?post=23"}],"version-history":[{"count":33,"href":"http:\/\/gite-saintes.fr\/site\/wp-json\/wp\/v2\/pages\/23\/revisions"}],"predecessor-version":[{"id":876,"href":"http:\/\/gite-saintes.fr\/site\/wp-json\/wp\/v2\/pages\/23\/revisions\/876"}],"wp:attachment":[{"href":"http:\/\/gite-saintes.fr\/site\/wp-json\/wp\/v2\/media?parent=23"}],"curies":[{"name":"wp","href":"https:\/\/api.w.org\/{rel}","templated":true}]}}