{"id":498,"date":"2024-04-29T14:19:13","date_gmt":"2024-04-29T14:19:13","guid":{"rendered":"http:\/\/gite-saintes.fr\/site\/?page_id=498"},"modified":"2025-05-02T08:09:45","modified_gmt":"2025-05-02T08:09:45","slug":"accueil","status":"publish","type":"page","link":"http:\/\/gite-saintes.fr\/site\/","title":{"rendered":"G\u00eete rural \u00e0 Nieul-l\u00e8s-Saintes"},"content":{"rendered":"<p><img decoding=\"async\" src=\"wp-content\/uploads\/gite-nieul-les-saintes-31.jpg\" alt=\"G\u00eete Charente-Maritime\"><\/p>\n<h1>Bienvenue dans notre g\u00eete rural<\/h1>\n<div>\n<p>Un <strong>havre de paix<\/strong> id\u00e9al pour <strong>vos vacances entre amis<\/strong> ou en <strong>famille<\/strong>. Situ\u00e9 \u00e0 seulement 10 km de Saintes, en <strong>Charente-Maritime<\/strong>, notre g\u00eete vous offre un <strong>cadre idyllique<\/strong> pour vous ressourcer et profiter de la beaut\u00e9 de la r\u00e9gion.<\/p>\n<p>Avec une <strong>capacit\u00e9 d&rsquo;accueil de 4 \u00e0 5 personnes<\/strong>, ce <strong>g\u00eete moderne<\/strong> et <strong>confortable<\/strong> est parfaitement \u00e9quip\u00e9 pour r\u00e9pondre \u00e0 tous vos besoins. Vous y trouverez tout le n\u00e9cessaire pour passer un s\u00e9jour agr\u00e9able et sans souci, que ce soit pour cuisiner ou se d\u00e9tendre.<\/p>\n<p>Le g\u00eete dispose de <strong>2 chambres spacieuses<\/strong> et <strong>lumineuses,<\/strong> d&rsquo;une <strong>cuisine enti\u00e8rement \u00e9quip\u00e9e,<\/strong> d&rsquo;un <strong>salon convivial<\/strong> et d&rsquo;une <strong>salle de bains moderne<\/strong>.<\/p>\n<p>\u00c0 l&rsquo;ext\u00e9rieur, vous pourrez profiter d&rsquo;un <strong>jardin priv\u00e9 <\/strong>pour se relaxer au soleil.<\/p>\n<p>Les environs offrent de nombreuses activit\u00e9s pour tous les go\u00fbts : <strong>randonn\u00e9es et visites culturelles<\/strong>. La proximit\u00e9 de Saintes vous permet \u00e9galement de d\u00e9couvrir son <strong>riche patrimoine historique<\/strong> et ses <strong>charmantes ruelles<\/strong>.<\/p>\n<p>N&rsquo;h\u00e9sitez pas \u00e0 nous contacter pour toute demande particuli\u00e8re ou pour r\u00e9server votre s\u00e9jour. Nous vous souhaitons une agr\u00e9able visite sur notre site et esp\u00e9rons vous accueillir bient\u00f4t.<\/p>\n<p><a class=\"uk-button uk-button-primary\" title=\"Tarifs et disponibilit\u00e9s\" href=\"\/site\/reservation\/\">Nos disponibilit\u00e9s<\/a><\/p>\n<\/div>\n<div>Suivez-nous sur notre Instagram<\/div>\n<p><a href=\"https:\/\/www.instagram.com\/accounts\/login\/?next=https%3A%2F%2Fwww.instagram.com%2Fle_gite_de_nanou%2F&#038;is_from_rle\"><img decoding=\"async\" src=\"wp-content\/uploads\/logo-instagram.png\" alt=\"Instagram\"><\/a><\/p>\n<div>\n<div class=\"uk-child-width-1-2@s uk-child-width-1-1@m\" uk-grid>\n<div><a href=\"\/site\/gite-rural\/\"><img decoding=\"async\" src=\"wp-content\/uploads\/photos-gite.jpg\" alt=\"D\u00e9couvrir le g\u00eete en photos\" title=\"D\u00e9couvrir le g\u00eete en photos\"><\/a><\/div>\n<div>\n<p>D\u00e9couvrez les photos des chambres, du salon, de la cuisine, de l&rsquo;ext\u00e9rieur, de la terrasse&#8230;<\/p>\n<div class=\"uk-margin-top uk-text-left\"><a class=\"el-link uk-button uk-button-default\" title=\"D\u00e9couvrir le g\u00eete\" title=\"D\u00e9couvrir le g\u00eete en photos\" href=\"\/site\/gite-rural\/\">D\u00e9couvrir<\/a><\/div>\n<\/p><\/div>\n<\/div>\n<\/div>\n<div>\n<h2>Contact<\/h2>\n<div>\n<p><strong>M. et Mme Hottot<\/strong><br \/>18 rue des Maronniers<br \/>17810 Nieul-l\u00e8s-Saintes<\/p>\n<p><strong><a style=\"text-decoration: underline;\" href=\"\/site\/reservation#contact\">Nous \u00e9crire<\/a><\/strong><\/p>\n<\/div>\n<\/div>\n<p><!-- {\"type\":\"layout\",\"children\":[{\"type\":\"section\",\"props\":{\"style\":\"default\",\"width\":\"default\",\"vertical_align\":\"middle\",\"title_position\":\"top-left\",\"title_rotation\":\"left\",\"title_breakpoint\":\"xl\",\"image_position\":\"center-center\",\"text_color\":\"\",\"width_expand\":\"\",\"height\":\"\",\"padding\":\"\",\"header_transparent\":\"\",\"animation\":\"\",\"padding_remove_top\":true},\"children\":[{\"type\":\"row\",\"props\":{\"layout\":\"1-1\",\"breakpoint\":\"m\",\"fixed_width\":\"large\",\"column_gap\":\"\",\"row_gap\":\"\",\"width\":\"\",\"width_expand\":\"\",\"height\":\"\",\"margin\":\"\",\"margin_remove_top\":false,\"margin_remove_bottom\":false,\"match\":false},\"children\":[{\"type\":\"column\",\"props\":{\"image_position\":\"center-center\",\"media_overlay_gradient\":\"\",\"vertical_align\":\"\",\"style\":\"\",\"text_color\":\"\",\"padding\":\"\"},\"children\":[{\"type\":\"image\",\"props\":{\"margin\":\"remove-vertical\",\"image_svg_color\":\"emphasis\",\"link_target\":\"\",\"image_border\":\"\",\"image_box_shadow\":\"\",\"image_hover_box_shadow\":\"\",\"image_box_decoration\":\"\",\"position\":\"\",\"position_z_index\":\"\",\"maxwidth\":\"\",\"maxwidth_breakpoint\":\"\",\"block_align\":\"\",\"block_align_breakpoint\":\"\",\"block_align_fallback\":\"\",\"text_align\":\"\",\"text_align_breakpoint\":\"\",\"text_align_fallback\":\"\",\"animation\":\"\",\"visibility\":\"\",\"image\":\"wp-content\\\/uploads\\\/gite-nieul-les-saintes-31.jpg\",\"image_alt\":\"G\\u00eete Charente-Maritime\",\"margin_remove_top\":true,\"margin_remove_bottom\":true}}]}]},{\"type\":\"row\",\"props\":{\"layout\":\"3-4,1-4\",\"breakpoint\":\"m\",\"fixed_width\":\"large\",\"column_gap\":\"\",\"row_gap\":\"\",\"width\":\"\",\"width_expand\":\"\",\"height\":\"\",\"margin\":\"\"},\"children\":[{\"type\":\"column\",\"props\":{\"image_position\":\"center-center\",\"media_overlay_gradient\":\"\",\"vertical_align\":\"\",\"style\":\"\",\"text_color\":\"\",\"padding\":\"\"},\"children\":[{\"type\":\"headline\",\"props\":{\"title_element\":\"h1\",\"title_style\":\"\",\"title_decoration\":\"\",\"title_font_family\":\"\",\"title_color\":\"\",\"position\":\"\",\"position_z_index\":\"\",\"margin\":\"\",\"maxwidth\":\"\",\"maxwidth_breakpoint\":\"\",\"block_align\":\"\",\"block_align_breakpoint\":\"\",\"block_align_fallback\":\"\",\"text_align\":\"\",\"text_align_breakpoint\":\"\",\"text_align_fallback\":\"\",\"animation\":\"\",\"visibility\":\"\",\"content\":\"Bienvenue dans notre g\\u00eete rural\"},\"name\":\"Titre\"},{\"type\":\"text\",\"props\":{\"margin\":\"default\",\"column_breakpoint\":\"m\",\"text_style\":\"\",\"text_color\":\"\",\"text_size\":\"\",\"column\":\"\",\"position\":\"\",\"position_z_index\":\"\",\"maxwidth\":\"\",\"maxwidth_breakpoint\":\"\",\"block_align\":\"\",\"block_align_breakpoint\":\"\",\"block_align_fallback\":\"\",\"text_align\":\"\",\"text_align_breakpoint\":\"\",\"text_align_fallback\":\"\",\"animation\":\"\",\"visibility\":\"\",\"content\":\"\n\n<p>Un <strong>havre de paix<\\\/strong> id\\u00e9al pour <strong>vos vacances entre amis<\\\/strong> ou en <strong>famille<\\\/strong>. Situ\\u00e9 \\u00e0 seulement 10 km de Saintes, en <strong>Charente-Maritime<\\\/strong>, notre g\\u00eete vous offre un <strong>cadre idyllique<\\\/strong> pour vous ressourcer et profiter de la beaut\\u00e9 de la r\\u00e9gion.<\\\/p>\\n\n\n<p>Avec une <strong>capacit\\u00e9 d'accueil de 4 \\u00e0 5 personnes<\\\/strong>, ce <strong>g\\u00eete moderne<\\\/strong> et <strong>confortable<\\\/strong> est parfaitement \\u00e9quip\\u00e9 pour r\\u00e9pondre \\u00e0 tous vos besoins. Vous y trouverez tout le n\\u00e9cessaire pour passer un s\\u00e9jour agr\\u00e9able et sans souci, que ce soit pour cuisiner ou se d\\u00e9tendre.<\\\/p>\\n\n\n<p>Le g\\u00eete dispose de <strong>2 chambres spacieuses<\\\/strong> et <strong>lumineuses,<\\\/strong> d'une <strong>cuisine enti\\u00e8rement \\u00e9quip\\u00e9e,<\\\/strong> d'un <strong>salon convivial<\\\/strong> et d'une <strong>salle de bains moderne<\\\/strong>.<\\\/p>\\n\n\n<p>\\u00c0 l'ext\\u00e9rieur, vous pourrez profiter d'un <strong>jardin priv\\u00e9 <\\\/strong>pour se relaxer au soleil.<\\\/p>\\n\n\n<p>Les environs offrent de nombreuses activit\\u00e9s pour tous les go\\u00fbts : <strong>randonn\\u00e9es et visites culturelles<\\\/strong>. La proximit\\u00e9 de Saintes vous permet \\u00e9galement de d\\u00e9couvrir son <strong>riche patrimoine historique<\\\/strong> et ses <strong>charmantes ruelles<\\\/strong>.<\\\/p>\\n\n\n<p>N'h\\u00e9sitez pas \\u00e0 nous contacter pour toute demande particuli\\u00e8re ou pour r\\u00e9server votre s\\u00e9jour. Nous vous souhaitons une agr\\u00e9able visite sur notre site et esp\\u00e9rons vous accueillir bient\\u00f4t.<\\\/p>\\n\n\n<p><a class=\\\"uk-button uk-button-primary\\\" title=\\\"Tarifs et disponibilit\\u00e9s\\\" href=\\\"\\\/site\\\/reservation\\\/\\\">Nos disponibilit\\u00e9s<\\\/a><\\\/p>\"},\"name\":\"Texte accueil\"},{\"type\":\"headline\",\"props\":{\"title_element\":\"div\",\"title_style\":\"h4\",\"title_decoration\":\"bullet\",\"title_font_family\":\"\",\"title_color\":\"\",\"position\":\"\",\"position_z_index\":\"\",\"margin\":\"\",\"maxwidth\":\"\",\"maxwidth_breakpoint\":\"\",\"block_align\":\"\",\"block_align_breakpoint\":\"\",\"block_align_fallback\":\"\",\"text_align\":\"\",\"text_align_breakpoint\":\"\",\"text_align_fallback\":\"\",\"animation\":\"\",\"visibility\":\"\",\"content\":\"Suivez-nous sur notre Instagram\"},\"name\":\"Titre\"},{\"type\":\"image\",\"props\":{\"margin\":\"default\",\"image_svg_color\":\"emphasis\",\"link_target\":\"blank\",\"image_border\":\"\",\"image_box_shadow\":\"\",\"image_hover_box_shadow\":\"\",\"image_box_decoration\":\"\",\"position\":\"\",\"position_z_index\":\"\",\"maxwidth\":\"\",\"maxwidth_breakpoint\":\"\",\"block_align\":\"\",\"block_align_breakpoint\":\"\",\"block_align_fallback\":\"\",\"text_align\":\"\",\"text_align_breakpoint\":\"\",\"text_align_fallback\":\"\",\"animation\":\"\",\"visibility\":\"\",\"image\":\"wp-content\\\/uploads\\\/logo-instagram.png\",\"link\":\"https:\\\/\\\/www.instagram.com\\\/accounts\\\/login\\\/?next=https%3A%2F%2Fwww.instagram.com%2Fle_gite_de_nanou%2F&is_from_rle\",\"image_alt\":\"Instagram\"},\"name\":\"Image Instagram\"}]},{\"type\":\"column\",\"props\":{\"image_position\":\"center-center\",\"media_overlay_gradient\":\"\",\"vertical_align\":\"\",\"style\":\"\",\"text_color\":\"\",\"padding\":\"\"},\"children\":[{\"type\":\"html\",\"props\":{\"content\":\"\n\n<div class=\\\"uk-child-width-1-2@s uk-child-width-1-1@m\\\" uk-grid>\\n  \n\n<div><a href=\\\"\\\/site\\\/gite-rural\\\/\\\"><img src=\\\"wp-content\\\/uploads\\\/photos-gite.jpg\\\" alt=\\\"D\\u00e9couvrir le g\\u00eete en photos\\\" title=\\\"D\\u00e9couvrir le g\\u00eete en photos\\\"><\\\/a><\\\/div>\\n  \n\n<div>\\n     \n\n<p>D\\u00e9couvrez les photos des chambres, du salon, de la cuisine, de l'ext\\u00e9rieur, de la terrasse...<\\\/p>\\n\\t \n\n<div class=\\\"uk-margin-top uk-text-left\\\"><a class=\\\"el-link uk-button uk-button-default\\\" title=\\\"D\\u00e9couvrir le g\\u00eete\\\" title=\\\"D\\u00e9couvrir le g\\u00eete en photos\\\" href=\\\"\\\/site\\\/gite-rural\\\/\\\">D\\u00e9couvrir<\\\/a><\\\/div>\\n  <\\\/div>\\n<\\\/div>\\n\"},\"name\":\"Photo droite\"},{\"type\":\"grid\",\"props\":{\"show_title\":true,\"show_meta\":true,\"show_content\":true,\"show_image\":true,\"show_link\":true,\"grid_default\":\"1\",\"grid_medium\":\"1\",\"filter_style\":\"tab\",\"filter_all\":true,\"filter_position\":\"top\",\"filter_align\":\"left\",\"filter_grid_width\":\"auto\",\"filter_grid_breakpoint\":\"m\",\"title_hover_style\":\"reset\",\"title_element\":\"h2\",\"title_align\":\"top\",\"title_grid_width\":\"1-2\",\"title_grid_breakpoint\":\"m\",\"meta_style\":\"meta\",\"meta_align\":\"below-title\",\"icon_ratio\":4,\"image_align\":\"top\",\"image_grid_width\":\"1-2\",\"image_grid_breakpoint\":\"m\",\"image_svg_color\":\"emphasis\",\"link_text\":\"Read more\",\"link_style\":\"default\",\"margin\":\"default\",\"item_animation\":\"\",\"grid_column_gap\":\"\",\"grid_row_gap\":\"\",\"grid_small\":\"\",\"grid_large\":\"\",\"grid_xlarge\":\"\",\"filter_margin\":\"\",\"filter_grid_column_gap\":\"\",\"filter_grid_row_gap\":\"\",\"title_display\":\"\",\"content_display\":\"\",\"panel_style\":\"card-primary\",\"panel_content_padding\":\"\",\"panel_size\":\"\",\"item_maxwidth\":\"\",\"title_style\":\"\",\"title_decoration\":\"divider\",\"title_font_family\":\"\",\"title_color\":\"\",\"title_grid_column_gap\":\"\",\"title_grid_row_gap\":\"\",\"title_margin\":\"\",\"meta_color\":\"\",\"meta_margin\":\"\",\"content_style\":\"\",\"content_margin\":\"\",\"image_transition\":\"\",\"image_border\":\"\",\"image_box_shadow\":\"\",\"image_hover_box_shadow\":\"\",\"image_box_decoration\":\"\",\"icon_color\":\"\",\"image_grid_column_gap\":\"\",\"image_grid_row_gap\":\"\",\"image_margin\":\"\",\"link_type\":\"\",\"link_size\":\"\",\"link_margin\":\"\",\"position\":\"\",\"position_z_index\":\"\",\"maxwidth\":\"\",\"maxwidth_breakpoint\":\"\",\"block_align\":\"\",\"block_align_breakpoint\":\"\",\"block_align_fallback\":\"\",\"text_align\":\"\",\"text_align_breakpoint\":\"\",\"text_align_fallback\":\"\",\"visibility\":\"\"},\"children\":[{\"type\":\"grid_item\",\"props\":{\"title\":\"Contact\",\"content\":\"\n\n<p><strong>M. et Mme Hottot<\\\/strong><br \\\/>18 rue des Maronniers<br \\\/>17810 Nieul-l\\u00e8s-Saintes<\\\/p>\\n\n\n<p><strong><a style=\\\"text-decoration: underline;\\\" href=\\\"\\\/site\\\/reservation#contact\\\">Nous \\u00e9crire<\\\/a><\\\/strong><\\\/p>\"}}]}]}]}],\"name\":\"Contenu page\"}],\"version\":\"1.22.8\",\"props\":[]} --><\/p>\n","protected":false},"excerpt":{"rendered":"<p>Bienvenue dans notre g\u00eete rural Un havre de paix id\u00e9al pour vos vacances entre amis ou en famille. Situ\u00e9 \u00e0 seulement 10 km de Saintes, en Charente-Maritime, notre g\u00eete vous offre un cadre idyllique pour vous ressourcer et profiter de la beaut\u00e9 de la r\u00e9gion. Avec une capacit\u00e9 d&rsquo;accueil de 4 \u00e0 5 personnes, ce [&hellip;]<\/p>\n","protected":false},"author":1,"featured_media":0,"parent":0,"menu_order":0,"comment_status":"closed","ping_status":"closed","template":"","meta":{"spay_email":"","footnotes":""},"class_list":["post-498","page","type-page","status-publish","hentry"],"yoast_head":"<!-- This site is optimized with the Yoast SEO plugin v24.7 - https:\/\/yoast.com\/wordpress\/plugins\/seo\/ -->\n<title>G\u00eete rural \u00e0 Nieul-l\u00e8s-Saintes -<\/title>\n<meta name=\"description\" content=\"D\u00e9couvrez notre g\u00eete rural install\u00e9 \u00e0 la campagne et situ\u00e9 \u00e0 Nieul-l\u00e8s-Saintes \u00e0 proximit\u00e9 de Saints en Charente-Maritime.\" \/>\n<meta name=\"robots\" content=\"index, follow, max-snippet:-1, max-image-preview:large, max-video-preview:-1\" \/>\n<link rel=\"canonical\" href=\"http:\/\/gite-saintes.fr\/site\/\" \/>\n<meta property=\"og:locale\" content=\"fr_FR\" \/>\n<meta property=\"og:type\" content=\"article\" \/>\n<meta property=\"og:title\" content=\"G\u00eete rural \u00e0 Nieul-l\u00e8s-Saintes -\" \/>\n<meta property=\"og:description\" content=\"D\u00e9couvrez notre g\u00eete rural install\u00e9 \u00e0 la campagne et situ\u00e9 \u00e0 Nieul-l\u00e8s-Saintes \u00e0 proximit\u00e9 de Saints en Charente-Maritime.\" \/>\n<meta property=\"og:url\" content=\"http:\/\/gite-saintes.fr\/site\/\" \/>\n<meta property=\"article:modified_time\" content=\"2025-05-02T08:09:45+00:00\" \/>\n<meta name=\"twitter:card\" content=\"summary_large_image\" \/>\n<meta name=\"twitter:label1\" content=\"Dur\u00e9e de lecture estim\u00e9e\" \/>\n\t<meta name=\"twitter:data1\" content=\"1 minute\" \/>\n<script type=\"application\/ld+json\" class=\"yoast-schema-graph\">{\"@context\":\"https:\/\/schema.org\",\"@graph\":[{\"@type\":\"WebPage\",\"@id\":\"http:\/\/gite-saintes.fr\/site\/\",\"url\":\"http:\/\/gite-saintes.fr\/site\/\",\"name\":\"G\u00eete rural \u00e0 Nieul-l\u00e8s-Saintes -\",\"isPartOf\":{\"@id\":\"http:\/\/gite-saintes.fr\/site\/#website\"},\"datePublished\":\"2024-04-29T14:19:13+00:00\",\"dateModified\":\"2025-05-02T08:09:45+00:00\",\"description\":\"D\u00e9couvrez notre g\u00eete rural install\u00e9 \u00e0 la campagne et situ\u00e9 \u00e0 Nieul-l\u00e8s-Saintes \u00e0 proximit\u00e9 de Saints en Charente-Maritime.\",\"breadcrumb\":{\"@id\":\"http:\/\/gite-saintes.fr\/site\/#breadcrumb\"},\"inLanguage\":\"fr-FR\",\"potentialAction\":[{\"@type\":\"ReadAction\",\"target\":[\"http:\/\/gite-saintes.fr\/site\/\"]}]},{\"@type\":\"BreadcrumbList\",\"@id\":\"http:\/\/gite-saintes.fr\/site\/#breadcrumb\",\"itemListElement\":[{\"@type\":\"ListItem\",\"position\":1,\"name\":\"Accueil\",\"item\":\"http:\/\/gite-saintes.fr\/site\/\"},{\"@type\":\"ListItem\",\"position\":2,\"name\":\"G\u00eete rural \u00e0 Nieul-l\u00e8s-Saintes\"}]},{\"@type\":\"WebSite\",\"@id\":\"http:\/\/gite-saintes.fr\/site\/#website\",\"url\":\"http:\/\/gite-saintes.fr\/site\/\",\"name\":\"G\u00eete Nieul-l\u00e8s-Saintes\",\"description\":\"Le gite rural d\u00e9cor\u00e9 avec go\u00fbt\",\"potentialAction\":[{\"@type\":\"SearchAction\",\"target\":{\"@type\":\"EntryPoint\",\"urlTemplate\":\"http:\/\/gite-saintes.fr\/site\/?s={search_term_string}\"},\"query-input\":{\"@type\":\"PropertyValueSpecification\",\"valueRequired\":true,\"valueName\":\"search_term_string\"}}],\"inLanguage\":\"fr-FR\"}]}<\/script>\n<!-- \/ Yoast SEO plugin. -->","yoast_head_json":{"title":"G\u00eete rural \u00e0 Nieul-l\u00e8s-Saintes -","description":"D\u00e9couvrez notre g\u00eete rural install\u00e9 \u00e0 la campagne et situ\u00e9 \u00e0 Nieul-l\u00e8s-Saintes \u00e0 proximit\u00e9 de Saints en Charente-Maritime.","robots":{"index":"index","follow":"follow","max-snippet":"max-snippet:-1","max-image-preview":"max-image-preview:large","max-video-preview":"max-video-preview:-1"},"canonical":"http:\/\/gite-saintes.fr\/site\/","og_locale":"fr_FR","og_type":"article","og_title":"G\u00eete rural \u00e0 Nieul-l\u00e8s-Saintes -","og_description":"D\u00e9couvrez notre g\u00eete rural install\u00e9 \u00e0 la campagne et situ\u00e9 \u00e0 Nieul-l\u00e8s-Saintes \u00e0 proximit\u00e9 de Saints en Charente-Maritime.","og_url":"http:\/\/gite-saintes.fr\/site\/","article_modified_time":"2025-05-02T08:09:45+00:00","twitter_card":"summary_large_image","twitter_misc":{"Dur\u00e9e de lecture estim\u00e9e":"1 minute"},"schema":{"@context":"https:\/\/schema.org","@graph":[{"@type":"WebPage","@id":"http:\/\/gite-saintes.fr\/site\/","url":"http:\/\/gite-saintes.fr\/site\/","name":"G\u00eete rural \u00e0 Nieul-l\u00e8s-Saintes -","isPartOf":{"@id":"http:\/\/gite-saintes.fr\/site\/#website"},"datePublished":"2024-04-29T14:19:13+00:00","dateModified":"2025-05-02T08:09:45+00:00","description":"D\u00e9couvrez notre g\u00eete rural install\u00e9 \u00e0 la campagne et situ\u00e9 \u00e0 Nieul-l\u00e8s-Saintes \u00e0 proximit\u00e9 de Saints en Charente-Maritime.","breadcrumb":{"@id":"http:\/\/gite-saintes.fr\/site\/#breadcrumb"},"inLanguage":"fr-FR","potentialAction":[{"@type":"ReadAction","target":["http:\/\/gite-saintes.fr\/site\/"]}]},{"@type":"BreadcrumbList","@id":"http:\/\/gite-saintes.fr\/site\/#breadcrumb","itemListElement":[{"@type":"ListItem","position":1,"name":"Accueil","item":"http:\/\/gite-saintes.fr\/site\/"},{"@type":"ListItem","position":2,"name":"G\u00eete rural \u00e0 Nieul-l\u00e8s-Saintes"}]},{"@type":"WebSite","@id":"http:\/\/gite-saintes.fr\/site\/#website","url":"http:\/\/gite-saintes.fr\/site\/","name":"G\u00eete Nieul-l\u00e8s-Saintes","description":"Le gite rural d\u00e9cor\u00e9 avec go\u00fbt","potentialAction":[{"@type":"SearchAction","target":{"@type":"EntryPoint","urlTemplate":"http:\/\/gite-saintes.fr\/site\/?s={search_term_string}"},"query-input":{"@type":"PropertyValueSpecification","valueRequired":true,"valueName":"search_term_string"}}],"inLanguage":"fr-FR"}]}},"_links":{"self":[{"href":"http:\/\/gite-saintes.fr\/site\/wp-json\/wp\/v2\/pages\/498","targetHints":{"allow":["GET"]}}],"collection":[{"href":"http:\/\/gite-saintes.fr\/site\/wp-json\/wp\/v2\/pages"}],"about":[{"href":"http:\/\/gite-saintes.fr\/site\/wp-json\/wp\/v2\/types\/page"}],"author":[{"embeddable":true,"href":"http:\/\/gite-saintes.fr\/site\/wp-json\/wp\/v2\/users\/1"}],"replies":[{"embeddable":true,"href":"http:\/\/gite-saintes.fr\/site\/wp-json\/wp\/v2\/comments?post=498"}],"version-history":[{"count":85,"href":"http:\/\/gite-saintes.fr\/site\/wp-json\/wp\/v2\/pages\/498\/revisions"}],"predecessor-version":[{"id":920,"href":"http:\/\/gite-saintes.fr\/site\/wp-json\/wp\/v2\/pages\/498\/revisions\/920"}],"wp:attachment":[{"href":"http:\/\/gite-saintes.fr\/site\/wp-json\/wp\/v2\/media?parent=498"}],"curies":[{"name":"wp","href":"https:\/\/api.w.org\/{rel}","templated":true}]}}