{"id":519,"date":"2024-04-29T14:49:05","date_gmt":"2024-04-29T14:49:05","guid":{"rendered":"http:\/\/gite-saintes.fr\/site\/?page_id=519"},"modified":"2025-03-25T17:22:54","modified_gmt":"2025-03-25T17:22:54","slug":"mentions-legales","status":"publish","type":"page","link":"http:\/\/gite-saintes.fr\/site\/mentions-legales\/","title":{"rendered":"Mentions l\u00e9gales"},"content":{"rendered":"<h1>Mentions l\u00e9gales<\/h1>\n<div>\n<p>1. Pr\u00e9sentation du site<\/p>\n<p>Propri\u00e9taire du site : Mme Hottot &#8211; 18 rue des Maronniers &#8211; 17810 Nieul-l\u00e8s-Saintes<br \/>Site h\u00e9berg\u00e9 par : Ionos Internet SARL 7, place de la Gare BP 70109 57201 Sarreguemines Cedex.<br \/>H\u00e9bergeur : Ionos Internet AG Brauerstr. 48 76135 Karlsruhe Allemagne.<br \/>Le site a pour objet de fournir une information concernant l\u00b4ensemble des activit\u00e9s de la soci\u00e9t\u00e9.<br \/>Le webmaster s&rsquo;efforce de fournir sur le site des informations aussi pr\u00e9cises que possible.<br \/>Toutefois, il ne pourra \u00eatre tenue responsable des omissions, des inexactitudes et des carences dans la mise \u00e0 jour, qu&rsquo;elles soient de son fait ou du fait des tiers partenaires qui lui fournissent ces informations. <\/p>\n<p>2. Propri\u00e9t\u00e9 intellectuelle et contrefa\u00e7ons<\/p>\n<p>Mme Hottot est propri\u00e9taire des droits de propri\u00e9t\u00e9 intellectuelle ou d\u00e9tient les droits d&rsquo;usage sur tous les \u00e9l\u00e9ments accessibles sur le site, notamment les textes, graphismes, photos.<br \/>Toute reproduction, repr\u00e9sentation, modification, publication, adaptation de tout ou partie des \u00e9l\u00e9ments du site, quel que soit le moyen ou le proc\u00e9d\u00e9 utilis\u00e9, est interdite, sauf autorisation \u00e9crite pr\u00e9alable de : Mme Hottot.<br \/>Toute exploitation non autoris\u00e9e du site ou de l&rsquo;un quelconque des \u00e9l\u00e9ments qu&rsquo;il contient sera consid\u00e9r\u00e9e comme constitutive d&rsquo;une contrefa\u00e7on et poursuivie conform\u00e9ment aux dispositions des articles L.335-2 et suivants du Code de Propri\u00e9t\u00e9 Intellectuelle.<\/p>\n<p>3. Gestion des donn\u00e9es personnelles<\/p>\n<p>Aucune information personnelle de l&rsquo;utilisateur du site https:\/\/www.gite-saintes.fr n&rsquo;est publi\u00e9e \u00e0 l&rsquo;insu de l&rsquo;utilisateur, \u00e9chang\u00e9e, transf\u00e9r\u00e9e, c\u00e9d\u00e9e ou vendue sur un support quelconque \u00e0 des tiers.<br \/>Le site n&rsquo;est pas d\u00e9clar\u00e9 \u00e0 la CNIL car il ne recueil pas d\u00b4informations personnelles.<\/p>\n<\/div>\n<p><!-- {\"type\":\"layout\",\"children\":[{\"type\":\"section\",\"props\":{\"style\":\"default\",\"width\":\"default\",\"vertical_align\":\"middle\",\"title_position\":\"top-left\",\"title_rotation\":\"left\",\"title_breakpoint\":\"xl\",\"image_position\":\"center-center\",\"text_color\":\"\",\"width_expand\":\"\",\"height\":\"\",\"padding\":\"\",\"header_transparent\":\"\",\"animation\":\"\"},\"children\":[{\"type\":\"row\",\"props\":{\"layout\":\"1-1\",\"breakpoint\":\"m\",\"fixed_width\":\"large\",\"column_gap\":\"\",\"row_gap\":\"\",\"width\":\"\",\"width_expand\":\"\",\"height\":\"\",\"margin\":\"\"},\"children\":[{\"type\":\"column\",\"props\":{\"image_position\":\"center-center\",\"media_overlay_gradient\":\"\",\"vertical_align\":\"\",\"style\":\"\",\"text_color\":\"\",\"padding\":\"\"},\"children\":[{\"type\":\"headline\",\"props\":{\"title_element\":\"h1\",\"title_style\":\"\",\"title_decoration\":\"\",\"title_font_family\":\"\",\"title_color\":\"\",\"position\":\"\",\"position_z_index\":\"\",\"margin\":\"\",\"maxwidth\":\"\",\"maxwidth_breakpoint\":\"\",\"block_align\":\"\",\"block_align_breakpoint\":\"\",\"block_align_fallback\":\"\",\"text_align\":\"\",\"text_align_breakpoint\":\"\",\"text_align_fallback\":\"\",\"animation\":\"\",\"visibility\":\"\",\"content\":\"Mentions l\\u00e9gales\"}},{\"type\":\"text\",\"props\":{\"margin\":\"default\",\"column_breakpoint\":\"m\",\"text_style\":\"\",\"text_color\":\"\",\"text_size\":\"\",\"column\":\"\",\"position\":\"\",\"position_z_index\":\"\",\"maxwidth\":\"\",\"maxwidth_breakpoint\":\"\",\"block_align\":\"\",\"block_align_breakpoint\":\"\",\"block_align_fallback\":\"\",\"text_align\":\"\",\"text_align_breakpoint\":\"\",\"text_align_fallback\":\"\",\"animation\":\"\",\"visibility\":\"\",\"content\":\"\n\n<p>1. Pr\\u00e9sentation du site<br \\\/><br \\\/>Propri\\u00e9taire du site : Mme Hottot - 18 rue des Maronniers - 17810 Nieul-l\\u00e8s-Saintes<br \\\/>Site h\\u00e9berg\\u00e9 par : Ionos Internet SARL 7, place de la Gare BP 70109 57201 Sarreguemines Cedex.<br \\\/>H\\u00e9bergeur : Ionos Internet AG Brauerstr. 48 76135 Karlsruhe Allemagne.<br \\\/>Le site a pour objet de fournir une information concernant l\\u00b4ensemble des activit\\u00e9s de la soci\\u00e9t\\u00e9.<br \\\/>Le webmaster s'efforce de fournir sur le site des informations aussi pr\\u00e9cises que possible.<br \\\/>Toutefois, il ne pourra \\u00eatre tenue responsable des omissions, des inexactitudes et des carences dans la mise \\u00e0 jour, qu'elles soient de son fait ou du fait des tiers partenaires qui lui fournissent ces informations. <br \\\/><br \\\/>2. Propri\\u00e9t\\u00e9 intellectuelle et contrefa\\u00e7ons<\\\/p>\\n\n\n<p>Mme Hottot est propri\\u00e9taire des droits de propri\\u00e9t\\u00e9 intellectuelle ou d\\u00e9tient les droits d'usage sur tous les \\u00e9l\\u00e9ments accessibles sur le site, notamment les textes, graphismes, photos.<br \\\/>Toute reproduction, repr\\u00e9sentation, modification, publication, adaptation de tout ou partie des \\u00e9l\\u00e9ments du site, quel que soit le moyen ou le proc\\u00e9d\\u00e9 utilis\\u00e9, est interdite, sauf autorisation \\u00e9crite pr\\u00e9alable de : Mme Hottot.<br \\\/>Toute exploitation non autoris\\u00e9e du site ou de l'un quelconque des \\u00e9l\\u00e9ments qu'il contient sera consid\\u00e9r\\u00e9e comme constitutive d'une contrefa\\u00e7on et poursuivie conform\\u00e9ment aux dispositions des articles L.335-2 et suivants du Code de Propri\\u00e9t\\u00e9 Intellectuelle.<br \\\/><br \\\/>3. Gestion des donn\\u00e9es personnelles<br \\\/><br \\\/>Aucune information personnelle de l'utilisateur du site https:\\\/\\\/www.gite-saintes.fr n'est publi\\u00e9e \\u00e0 l'insu de l'utilisateur, \\u00e9chang\\u00e9e, transf\\u00e9r\\u00e9e, c\\u00e9d\\u00e9e ou vendue sur un support quelconque \\u00e0 des tiers.<br \\\/>Le site n'est pas d\\u00e9clar\\u00e9 \\u00e0 la CNIL car il ne recueil pas d\\u00b4informations personnelles.<\\\/p>\"}}]}]}]}],\"version\":\"1.22.8\",\"props\":[]} --><\/p>\n","protected":false},"excerpt":{"rendered":"<p>Mentions l\u00e9gales 1. Pr\u00e9sentation du site Propri\u00e9taire du site : Mme Hottot &#8211; 18 rue des Maronniers &#8211; 17810 Nieul-l\u00e8s-SaintesSite h\u00e9berg\u00e9 par : Ionos Internet SARL 7, place de la Gare BP 70109 57201 Sarreguemines Cedex.H\u00e9bergeur : Ionos Internet AG Brauerstr. 48 76135 Karlsruhe Allemagne.Le site a pour objet de fournir une information concernant l\u00b4ensemble [&hellip;]<\/p>\n","protected":false},"author":1,"featured_media":0,"parent":0,"menu_order":0,"comment_status":"closed","ping_status":"closed","template":"","meta":{"spay_email":"","footnotes":""},"class_list":["post-519","page","type-page","status-publish","hentry"],"yoast_head":"<!-- This site is optimized with the Yoast SEO plugin v24.7 - https:\/\/yoast.com\/wordpress\/plugins\/seo\/ -->\n<title>Mentions l\u00e9gales -<\/title>\n<meta name=\"robots\" content=\"index, follow, max-snippet:-1, max-image-preview:large, max-video-preview:-1\" \/>\n<link rel=\"canonical\" href=\"http:\/\/gite-saintes.fr\/site\/mentions-legales\/\" \/>\n<meta property=\"og:locale\" content=\"fr_FR\" \/>\n<meta property=\"og:type\" content=\"article\" \/>\n<meta property=\"og:title\" content=\"Mentions l\u00e9gales -\" \/>\n<meta property=\"og:description\" content=\"Mentions l\u00e9gales 1. Pr\u00e9sentation du site Propri\u00e9taire du site : Mme Hottot &#8211; 18 rue des Maronniers &#8211; 17810 Nieul-l\u00e8s-SaintesSite h\u00e9berg\u00e9 par : Ionos Internet SARL 7, place de la Gare BP 70109 57201 Sarreguemines Cedex.H\u00e9bergeur : Ionos Internet AG Brauerstr. 48 76135 Karlsruhe Allemagne.Le site a pour objet de fournir une information concernant l\u00b4ensemble [&hellip;]\" \/>\n<meta property=\"og:url\" content=\"http:\/\/gite-saintes.fr\/site\/mentions-legales\/\" \/>\n<meta property=\"article:modified_time\" content=\"2025-03-25T17:22:54+00:00\" \/>\n<meta name=\"twitter:card\" content=\"summary_large_image\" \/>\n<meta name=\"twitter:label1\" content=\"Dur\u00e9e de lecture estim\u00e9e\" \/>\n\t<meta name=\"twitter:data1\" content=\"1 minute\" \/>\n<script type=\"application\/ld+json\" class=\"yoast-schema-graph\">{\"@context\":\"https:\/\/schema.org\",\"@graph\":[{\"@type\":\"WebPage\",\"@id\":\"http:\/\/gite-saintes.fr\/site\/mentions-legales\/\",\"url\":\"http:\/\/gite-saintes.fr\/site\/mentions-legales\/\",\"name\":\"Mentions l\u00e9gales -\",\"isPartOf\":{\"@id\":\"http:\/\/gite-saintes.fr\/site\/#website\"},\"datePublished\":\"2024-04-29T14:49:05+00:00\",\"dateModified\":\"2025-03-25T17:22:54+00:00\",\"breadcrumb\":{\"@id\":\"http:\/\/gite-saintes.fr\/site\/mentions-legales\/#breadcrumb\"},\"inLanguage\":\"fr-FR\",\"potentialAction\":[{\"@type\":\"ReadAction\",\"target\":[\"http:\/\/gite-saintes.fr\/site\/mentions-legales\/\"]}]},{\"@type\":\"BreadcrumbList\",\"@id\":\"http:\/\/gite-saintes.fr\/site\/mentions-legales\/#breadcrumb\",\"itemListElement\":[{\"@type\":\"ListItem\",\"position\":1,\"name\":\"Accueil\",\"item\":\"http:\/\/gite-saintes.fr\/site\/\"},{\"@type\":\"ListItem\",\"position\":2,\"name\":\"Mentions l\u00e9gales\"}]},{\"@type\":\"WebSite\",\"@id\":\"http:\/\/gite-saintes.fr\/site\/#website\",\"url\":\"http:\/\/gite-saintes.fr\/site\/\",\"name\":\"G\u00eete Nieul-l\u00e8s-Saintes\",\"description\":\"Le gite rural d\u00e9cor\u00e9 avec go\u00fbt\",\"potentialAction\":[{\"@type\":\"SearchAction\",\"target\":{\"@type\":\"EntryPoint\",\"urlTemplate\":\"http:\/\/gite-saintes.fr\/site\/?s={search_term_string}\"},\"query-input\":{\"@type\":\"PropertyValueSpecification\",\"valueRequired\":true,\"valueName\":\"search_term_string\"}}],\"inLanguage\":\"fr-FR\"}]}<\/script>\n<!-- \/ Yoast SEO plugin. -->","yoast_head_json":{"title":"Mentions l\u00e9gales -","robots":{"index":"index","follow":"follow","max-snippet":"max-snippet:-1","max-image-preview":"max-image-preview:large","max-video-preview":"max-video-preview:-1"},"canonical":"http:\/\/gite-saintes.fr\/site\/mentions-legales\/","og_locale":"fr_FR","og_type":"article","og_title":"Mentions l\u00e9gales -","og_description":"Mentions l\u00e9gales 1. Pr\u00e9sentation du site Propri\u00e9taire du site : Mme Hottot &#8211; 18 rue des Maronniers &#8211; 17810 Nieul-l\u00e8s-SaintesSite h\u00e9berg\u00e9 par : Ionos Internet SARL 7, place de la Gare BP 70109 57201 Sarreguemines Cedex.H\u00e9bergeur : Ionos Internet AG Brauerstr. 48 76135 Karlsruhe Allemagne.Le site a pour objet de fournir une information concernant l\u00b4ensemble [&hellip;]","og_url":"http:\/\/gite-saintes.fr\/site\/mentions-legales\/","article_modified_time":"2025-03-25T17:22:54+00:00","twitter_card":"summary_large_image","twitter_misc":{"Dur\u00e9e de lecture estim\u00e9e":"1 minute"},"schema":{"@context":"https:\/\/schema.org","@graph":[{"@type":"WebPage","@id":"http:\/\/gite-saintes.fr\/site\/mentions-legales\/","url":"http:\/\/gite-saintes.fr\/site\/mentions-legales\/","name":"Mentions l\u00e9gales -","isPartOf":{"@id":"http:\/\/gite-saintes.fr\/site\/#website"},"datePublished":"2024-04-29T14:49:05+00:00","dateModified":"2025-03-25T17:22:54+00:00","breadcrumb":{"@id":"http:\/\/gite-saintes.fr\/site\/mentions-legales\/#breadcrumb"},"inLanguage":"fr-FR","potentialAction":[{"@type":"ReadAction","target":["http:\/\/gite-saintes.fr\/site\/mentions-legales\/"]}]},{"@type":"BreadcrumbList","@id":"http:\/\/gite-saintes.fr\/site\/mentions-legales\/#breadcrumb","itemListElement":[{"@type":"ListItem","position":1,"name":"Accueil","item":"http:\/\/gite-saintes.fr\/site\/"},{"@type":"ListItem","position":2,"name":"Mentions l\u00e9gales"}]},{"@type":"WebSite","@id":"http:\/\/gite-saintes.fr\/site\/#website","url":"http:\/\/gite-saintes.fr\/site\/","name":"G\u00eete Nieul-l\u00e8s-Saintes","description":"Le gite rural d\u00e9cor\u00e9 avec go\u00fbt","potentialAction":[{"@type":"SearchAction","target":{"@type":"EntryPoint","urlTemplate":"http:\/\/gite-saintes.fr\/site\/?s={search_term_string}"},"query-input":{"@type":"PropertyValueSpecification","valueRequired":true,"valueName":"search_term_string"}}],"inLanguage":"fr-FR"}]}},"_links":{"self":[{"href":"http:\/\/gite-saintes.fr\/site\/wp-json\/wp\/v2\/pages\/519","targetHints":{"allow":["GET"]}}],"collection":[{"href":"http:\/\/gite-saintes.fr\/site\/wp-json\/wp\/v2\/pages"}],"about":[{"href":"http:\/\/gite-saintes.fr\/site\/wp-json\/wp\/v2\/types\/page"}],"author":[{"embeddable":true,"href":"http:\/\/gite-saintes.fr\/site\/wp-json\/wp\/v2\/users\/1"}],"replies":[{"embeddable":true,"href":"http:\/\/gite-saintes.fr\/site\/wp-json\/wp\/v2\/comments?post=519"}],"version-history":[{"count":5,"href":"http:\/\/gite-saintes.fr\/site\/wp-json\/wp\/v2\/pages\/519\/revisions"}],"predecessor-version":[{"id":898,"href":"http:\/\/gite-saintes.fr\/site\/wp-json\/wp\/v2\/pages\/519\/revisions\/898"}],"wp:attachment":[{"href":"http:\/\/gite-saintes.fr\/site\/wp-json\/wp\/v2\/media?parent=519"}],"curies":[{"name":"wp","href":"https:\/\/api.w.org\/{rel}","templated":true}]}}