{"id":734,"date":"2025-03-22T17:55:32","date_gmt":"2025-03-22T17:55:32","guid":{"rendered":"http:\/\/gite-saintes.fr\/site\/?page_id=734"},"modified":"2025-03-25T17:26:26","modified_gmt":"2025-03-25T17:26:26","slug":"politique-de-confidentialite","status":"publish","type":"page","link":"http:\/\/gite-saintes.fr\/site\/politique-de-confidentialite\/","title":{"rendered":"Politique de confidentialit\u00e9 et de protection des donn\u00e9es personnelles"},"content":{"rendered":"\n<h2 class=\"wp-block-heading\">Quelles sont les donn\u00e9es que nous collectons ?<\/h2>\n\n\n\n<p><em><strong>Les donn\u00e9es que vous nous transmettez volontairement<\/strong><\/em><\/p>\n\n\n\n<p>Au moment de remplir le formulaire de contact pour  r\u00e9server un s\u00e9jour, notre g\u00eete recueille les informations personnelles vous concernant et que vous avez  accept\u00e9 de nous communiquer. <\/p>\n\n\n\n<p>Les informations personnelles incluent notamment  votre adresse email, ainsi que les informations vous concernant, notamment les noms, pr\u00e9noms et num\u00e9ros de t\u00e9l\u00e9phone. Ces informations collect\u00e9es nous permettent de vous recontacter pour confirmer les r\u00e9servations.<\/p>\n\n\n\n<h2 class=\"wp-block-heading\">Vos donn\u00e9es sont-elles partag\u00e9es ?<\/h2>\n\n\n\n<p>Vos donn\u00e9es ne sont pas partag\u00e9es.<\/p>\n\n\n\n<h2 class=\"wp-block-heading\">Combien de temps vos donn\u00e9es sont-elles conserv\u00e9es ?<\/h2>\n\n\n\n<p>Les donn\u00e9es  personnelles que vous nous communiquez sont conserv\u00e9es pendant une dur\u00e9e de  5 ans.<\/p>\n\n\n\n<p>Au terme de ce d\u00e9lais, vos donn\u00e9es personnelles sont supprim\u00e9es. <\/p>\n\n\n\n<h2 class=\"wp-block-heading\">Combien de temps vos donn\u00e9es sont-elles prot\u00e9g\u00e9es ?<\/h2>\n\n\n\n<p>\u2022 Notre site fait l\u2019objet de mesures techniques qui nous  permettent de garantir un haut degr\u00e9 de s\u00e9curisation de vos donn\u00e9es  personnelles.<br>                         \u2022 L\u2019acc\u00e8s \u00e0 vos donn\u00e9es personnelles est strictement r\u00e9serv\u00e9 aux responsables du g\u00eete.<br>                         \u2022 Toute intrusion ill\u00e9gale dans notre base de donn\u00e9es donne lieu \u00e0 une alerte imm\u00e9diate et \u00e0 la mise en place des actions n\u00e9cessaires. <\/p>\n\n\n\n<h2 class=\"wp-block-heading\">Comment acc\u00e9der \u00e0 vos donn\u00e9es ou en demander la suppression ? <\/h2>\n\n\n\n<p>Conform\u00e9ment au R\u00e8glement G\u00e9n\u00e9ral de Protection  des donn\u00e9es n\u00b02016\/679, vous disposez du droit de demander l\u2019acc\u00e8s \u00e0 vos  donn\u00e9es personnelles, la rectification ou l\u2019effacement de celles-ci.<br>Pour cela vous pouvez envoyer votre demande par email \u00e0 <a href=\"mailto:mesdonnees@thalasseo.com\">gite.nieul@gmail.com<\/a>.<\/p>\n","protected":false},"excerpt":{"rendered":"<p>Quelles sont les donn\u00e9es que nous collectons ? Les donn\u00e9es que vous nous transmettez volontairement Au moment de remplir le formulaire de contact pour r\u00e9server un s\u00e9jour, notre g\u00eete recueille les informations personnelles vous concernant et que vous avez accept\u00e9 de nous communiquer. Les informations personnelles incluent notamment votre adresse email, ainsi que les informations [&hellip;]<\/p>\n","protected":false},"author":1,"featured_media":0,"parent":0,"menu_order":0,"comment_status":"closed","ping_status":"closed","template":"","meta":{"spay_email":"","footnotes":""},"class_list":["post-734","page","type-page","status-publish","hentry"],"yoast_head":"<!-- This site is optimized with the Yoast SEO plugin v24.7 - https:\/\/yoast.com\/wordpress\/plugins\/seo\/ -->\n<title>Politique de confidentialit\u00e9 et de protection des donn\u00e9es personnelles -<\/title>\n<meta name=\"robots\" content=\"index, follow, max-snippet:-1, max-image-preview:large, max-video-preview:-1\" \/>\n<link rel=\"canonical\" href=\"http:\/\/gite-saintes.fr\/site\/politique-de-confidentialite\/\" \/>\n<meta property=\"og:locale\" content=\"fr_FR\" \/>\n<meta property=\"og:type\" content=\"article\" \/>\n<meta property=\"og:title\" content=\"Politique de confidentialit\u00e9 et de protection des donn\u00e9es personnelles -\" \/>\n<meta property=\"og:description\" content=\"Quelles sont les donn\u00e9es que nous collectons ? Les donn\u00e9es que vous nous transmettez volontairement Au moment de remplir le formulaire de contact pour r\u00e9server un s\u00e9jour, notre g\u00eete recueille les informations personnelles vous concernant et que vous avez accept\u00e9 de nous communiquer. Les informations personnelles incluent notamment votre adresse email, ainsi que les informations [&hellip;]\" \/>\n<meta property=\"og:url\" content=\"http:\/\/gite-saintes.fr\/site\/politique-de-confidentialite\/\" \/>\n<meta property=\"article:modified_time\" content=\"2025-03-25T17:26:26+00:00\" \/>\n<meta name=\"twitter:card\" content=\"summary_large_image\" \/>\n<meta name=\"twitter:label1\" content=\"Dur\u00e9e de lecture estim\u00e9e\" \/>\n\t<meta name=\"twitter:data1\" content=\"2 minutes\" \/>\n<script type=\"application\/ld+json\" class=\"yoast-schema-graph\">{\"@context\":\"https:\/\/schema.org\",\"@graph\":[{\"@type\":\"WebPage\",\"@id\":\"http:\/\/gite-saintes.fr\/site\/politique-de-confidentialite\/\",\"url\":\"http:\/\/gite-saintes.fr\/site\/politique-de-confidentialite\/\",\"name\":\"Politique de confidentialit\u00e9 et de protection des donn\u00e9es personnelles -\",\"isPartOf\":{\"@id\":\"http:\/\/gite-saintes.fr\/site\/#website\"},\"datePublished\":\"2025-03-22T17:55:32+00:00\",\"dateModified\":\"2025-03-25T17:26:26+00:00\",\"breadcrumb\":{\"@id\":\"http:\/\/gite-saintes.fr\/site\/politique-de-confidentialite\/#breadcrumb\"},\"inLanguage\":\"fr-FR\",\"potentialAction\":[{\"@type\":\"ReadAction\",\"target\":[\"http:\/\/gite-saintes.fr\/site\/politique-de-confidentialite\/\"]}]},{\"@type\":\"BreadcrumbList\",\"@id\":\"http:\/\/gite-saintes.fr\/site\/politique-de-confidentialite\/#breadcrumb\",\"itemListElement\":[{\"@type\":\"ListItem\",\"position\":1,\"name\":\"Accueil\",\"item\":\"http:\/\/gite-saintes.fr\/site\/\"},{\"@type\":\"ListItem\",\"position\":2,\"name\":\"Politique de confidentialit\u00e9 et de protection des donn\u00e9es personnelles\"}]},{\"@type\":\"WebSite\",\"@id\":\"http:\/\/gite-saintes.fr\/site\/#website\",\"url\":\"http:\/\/gite-saintes.fr\/site\/\",\"name\":\"G\u00eete Nieul-l\u00e8s-Saintes\",\"description\":\"Le gite rural d\u00e9cor\u00e9 avec go\u00fbt\",\"potentialAction\":[{\"@type\":\"SearchAction\",\"target\":{\"@type\":\"EntryPoint\",\"urlTemplate\":\"http:\/\/gite-saintes.fr\/site\/?s={search_term_string}\"},\"query-input\":{\"@type\":\"PropertyValueSpecification\",\"valueRequired\":true,\"valueName\":\"search_term_string\"}}],\"inLanguage\":\"fr-FR\"}]}<\/script>\n<!-- \/ Yoast SEO plugin. -->","yoast_head_json":{"title":"Politique de confidentialit\u00e9 et de protection des donn\u00e9es personnelles -","robots":{"index":"index","follow":"follow","max-snippet":"max-snippet:-1","max-image-preview":"max-image-preview:large","max-video-preview":"max-video-preview:-1"},"canonical":"http:\/\/gite-saintes.fr\/site\/politique-de-confidentialite\/","og_locale":"fr_FR","og_type":"article","og_title":"Politique de confidentialit\u00e9 et de protection des donn\u00e9es personnelles -","og_description":"Quelles sont les donn\u00e9es que nous collectons ? Les donn\u00e9es que vous nous transmettez volontairement Au moment de remplir le formulaire de contact pour r\u00e9server un s\u00e9jour, notre g\u00eete recueille les informations personnelles vous concernant et que vous avez accept\u00e9 de nous communiquer. Les informations personnelles incluent notamment votre adresse email, ainsi que les informations [&hellip;]","og_url":"http:\/\/gite-saintes.fr\/site\/politique-de-confidentialite\/","article_modified_time":"2025-03-25T17:26:26+00:00","twitter_card":"summary_large_image","twitter_misc":{"Dur\u00e9e de lecture estim\u00e9e":"2 minutes"},"schema":{"@context":"https:\/\/schema.org","@graph":[{"@type":"WebPage","@id":"http:\/\/gite-saintes.fr\/site\/politique-de-confidentialite\/","url":"http:\/\/gite-saintes.fr\/site\/politique-de-confidentialite\/","name":"Politique de confidentialit\u00e9 et de protection des donn\u00e9es personnelles -","isPartOf":{"@id":"http:\/\/gite-saintes.fr\/site\/#website"},"datePublished":"2025-03-22T17:55:32+00:00","dateModified":"2025-03-25T17:26:26+00:00","breadcrumb":{"@id":"http:\/\/gite-saintes.fr\/site\/politique-de-confidentialite\/#breadcrumb"},"inLanguage":"fr-FR","potentialAction":[{"@type":"ReadAction","target":["http:\/\/gite-saintes.fr\/site\/politique-de-confidentialite\/"]}]},{"@type":"BreadcrumbList","@id":"http:\/\/gite-saintes.fr\/site\/politique-de-confidentialite\/#breadcrumb","itemListElement":[{"@type":"ListItem","position":1,"name":"Accueil","item":"http:\/\/gite-saintes.fr\/site\/"},{"@type":"ListItem","position":2,"name":"Politique de confidentialit\u00e9 et de protection des donn\u00e9es personnelles"}]},{"@type":"WebSite","@id":"http:\/\/gite-saintes.fr\/site\/#website","url":"http:\/\/gite-saintes.fr\/site\/","name":"G\u00eete Nieul-l\u00e8s-Saintes","description":"Le gite rural d\u00e9cor\u00e9 avec go\u00fbt","potentialAction":[{"@type":"SearchAction","target":{"@type":"EntryPoint","urlTemplate":"http:\/\/gite-saintes.fr\/site\/?s={search_term_string}"},"query-input":{"@type":"PropertyValueSpecification","valueRequired":true,"valueName":"search_term_string"}}],"inLanguage":"fr-FR"}]}},"_links":{"self":[{"href":"http:\/\/gite-saintes.fr\/site\/wp-json\/wp\/v2\/pages\/734","targetHints":{"allow":["GET"]}}],"collection":[{"href":"http:\/\/gite-saintes.fr\/site\/wp-json\/wp\/v2\/pages"}],"about":[{"href":"http:\/\/gite-saintes.fr\/site\/wp-json\/wp\/v2\/types\/page"}],"author":[{"embeddable":true,"href":"http:\/\/gite-saintes.fr\/site\/wp-json\/wp\/v2\/users\/1"}],"replies":[{"embeddable":true,"href":"http:\/\/gite-saintes.fr\/site\/wp-json\/wp\/v2\/comments?post=734"}],"version-history":[{"count":2,"href":"http:\/\/gite-saintes.fr\/site\/wp-json\/wp\/v2\/pages\/734\/revisions"}],"predecessor-version":[{"id":738,"href":"http:\/\/gite-saintes.fr\/site\/wp-json\/wp\/v2\/pages\/734\/revisions\/738"}],"wp:attachment":[{"href":"http:\/\/gite-saintes.fr\/site\/wp-json\/wp\/v2\/media?parent=734"}],"curies":[{"name":"wp","href":"https:\/\/api.w.org\/{rel}","templated":true}]}}